{"id":5811,"date":"2022-04-21T11:11:22","date_gmt":"2022-04-21T09:11:22","guid":{"rendered":"https:\/\/valaissolidaire.ch\/mitgliederbereich\/einen-bericht-einreichen\/"},"modified":"2025-01-23T14:19:17","modified_gmt":"2025-01-23T13:19:17","slug":"einen-bericht-einreichen","status":"publish","type":"page","link":"https:\/\/valaissolidaire.ch\/de\/mitgliederbereich\/einen-bericht-einreichen\/","title":{"rendered":"Einen Bericht einreichen"},"content":{"rendered":"\t\t<div data-elementor-type=\"wp-page\" data-elementor-id=\"5811\" class=\"elementor elementor-5811 elementor-1625\" data-elementor-post-type=\"page\">\n\t\t\t\t\t\t<section class=\"elementor-section elementor-top-section elementor-element elementor-element-dda4ad7 elementor-section-full_width elementor-section-height-default elementor-section-height-default\" data-id=\"dda4ad7\" data-element_type=\"section\">\n\t\t\t\t\t\t<div class=\"elementor-container elementor-column-gap-default\">\n\t\t\t\t\t<div class=\"elementor-column elementor-col-100 elementor-top-column elementor-element elementor-element-bec039f\" data-id=\"bec039f\" data-element_type=\"column\">\n\t\t\t<div class=\"elementor-widget-wrap elementor-element-populated\">\n\t\t\t\t\t\t<div class=\"elementor-element elementor-element-9efda7f elementor-widget elementor-widget-spacer\" data-id=\"9efda7f\" data-element_type=\"widget\" data-widget_type=\"spacer.default\">\n\t\t\t\t<div class=\"elementor-widget-container\">\n\t\t\t\t\t\t\t<div class=\"elementor-spacer\">\n\t\t\t<div class=\"elementor-spacer-inner\"><\/div>\n\t\t<\/div>\n\t\t\t\t\t\t<\/div>\n\t\t\t\t<\/div>\n\t\t\t\t<div class=\"elementor-element elementor-element-d195382 elementor-widget elementor-widget-heading\" data-id=\"d195382\" data-element_type=\"widget\" data-widget_type=\"heading.default\">\n\t\t\t\t<div class=\"elementor-widget-container\">\n\t\t\t\t\t<h1 class=\"elementor-heading-title elementor-size-default\">Einen Bericht einreichen<\/h1>\t\t\t\t<\/div>\n\t\t\t\t<\/div>\n\t\t\t\t<div class=\"elementor-element elementor-element-637e8ee elementor-widget elementor-widget-spacer\" data-id=\"637e8ee\" data-element_type=\"widget\" data-widget_type=\"spacer.default\">\n\t\t\t\t<div class=\"elementor-widget-container\">\n\t\t\t\t\t\t\t<div class=\"elementor-spacer\">\n\t\t\t<div class=\"elementor-spacer-inner\"><\/div>\n\t\t<\/div>\n\t\t\t\t\t\t<\/div>\n\t\t\t\t<\/div>\n\t\t\t\t\t<\/div>\n\t\t<\/div>\n\t\t\t\t\t<\/div>\n\t\t<\/section>\n\t\t\t\t<section class=\"elementor-section elementor-top-section elementor-element elementor-element-c21e733 elementor-section-full_width elementor-section-height-default elementor-section-height-default\" data-id=\"c21e733\" data-element_type=\"section\">\n\t\t\t\t\t\t<div class=\"elementor-container elementor-column-gap-default\">\n\t\t\t\t\t<div class=\"elementor-column elementor-col-100 elementor-top-column elementor-element elementor-element-a4933d5\" data-id=\"a4933d5\" data-element_type=\"column\">\n\t\t\t<div class=\"elementor-widget-wrap elementor-element-populated\">\n\t\t\t\t\t\t<div class=\"elementor-element elementor-element-422f28f elementor-widget elementor-widget-text-editor\" data-id=\"422f28f\" data-element_type=\"widget\" data-widget_type=\"text-editor.default\">\n\t\t\t\t<div class=\"elementor-widget-container\">\n\t\t\t\t\t\t\t\t\t<p>Bei einj\u00e4hrigen Projekten ist die Mitgliedsorganisation verpflichtet, nach Abschluss des Projekts einen T\u00e4tigkeitsbericht (Blatt 3a) sowie einen Finanzbericht (Blatt 3b) einzureichen.<\/p>\n<p>Bei mehrj\u00e4hrigen Projekten muss am Ende des <sup>1. Jahres<\/sup> ein Fortschrittsbericht sowie ein Finanzbericht und am Ende des Projekts ein Abschlussbericht und ein Finanzbericht vorgelegt werden.<\/p>\n<p>Die Berichte m\u00fcssen auf den untenstehenden Formbl\u00e4ttern eingereicht werden Die Berichte m\u00fcssen auf den untenstehenden Formularen und im PDF-Format eingereicht werden. Alle Dokumente m\u00fcssen mit einem Datum versehen sein.<\/p>\n\t\t\t\t\t\t\t\t<\/div>\n\t\t\t\t<\/div>\n\t\t\t\t<section class=\"elementor-section elementor-inner-section elementor-element elementor-element-8bcd794 elementor-section-full_width elementor-section-height-default elementor-section-height-default\" data-id=\"8bcd794\" data-element_type=\"section\">\n\t\t\t\t\t\t<div class=\"elementor-container elementor-column-gap-no\">\n\t\t\t\t\t<div class=\"elementor-column elementor-col-50 elementor-inner-column elementor-element elementor-element-6506d2f\" data-id=\"6506d2f\" data-element_type=\"column\">\n\t\t\t<div class=\"elementor-widget-wrap elementor-element-populated\">\n\t\t\t\t\t\t<div class=\"elementor-element elementor-element-d5c4c07 elementor-widget elementor-widget-text-editor\" data-id=\"d5c4c07\" data-element_type=\"widget\" data-widget_type=\"text-editor.default\">\n\t\t\t\t<div class=\"elementor-widget-container\">\n\t\t\t\t\t\t\t\t\t<h3><strong>Die auszuf\u00fcllenden Dokumente k\u00f6nnen hier heruntergeladen werden:<\/strong><\/h3><p><a href=\"https:\/\/valaissolidaire.ch\/documents\/2024\/Formular_3aa-Zwischennotiz.docx\">Fortschrittsbericht &#8211; D (Blatt 3aa-Fortschrittsbericht)<\/a><\/p><p><a href=\"https:\/\/valaissolidaire.ch\/documents\/2024\/Form_3aa_progress_note_2020.docx\">Fortschrittsbericht &#8211; A (Blatt 3aa-Fortschrittsbericht)<\/a><\/p><p>&#8230;&#8230;&#8230;&#8230;&#8230;&#8230;&#8230;&#8230;&#8230;&#8230;&#8230;&#8230;<\/p><p><a href=\"https:\/\/valaissolidaire.ch\/documents\/2024\/Formular_3a_Schlussbericht_2020.docx\">Formular f\u00fcr den T\u00e4tigkeitsbericht &#8211; D (Formular 3a_ODD-ARI)<\/a><\/p><p><a href=\"https:\/\/valaissolidaire.ch\/documents\/2024\/Form_3a_activities_report_2020.docx\">Formular f\u00fcr den T\u00e4tigkeitsbericht &#8211; A (Formular 3a_ODD-ARI)<\/a><\/p><p>&#8230;&#8230;&#8230;&#8230;&#8230;&#8230;&#8230;&#8230;&#8230;&#8230;&#8230;&#8230;&#8230;&#8230;<\/p><p><a href=\"https:\/\/valaissolidaire.ch\/documents\/2024\/Formular_3b-Finanzieller_Schlussbericht_2019.xlsx\">Formular f\u00fcr den Finanzbericht &#8211; D (Formular 3b-Finanzbericht)<\/a><\/p><p><a href=\"https:\/\/valaissolidaire.ch\/documents\/2024\/Form_3b_financial_report_2020.xls\">Formular f\u00fcr den Finanzbericht &#8211; A (Formular 3b-Finanzbericht)<\/a><\/p>\t\t\t\t\t\t\t\t<\/div>\n\t\t\t\t<\/div>\n\t\t\t\t\t<\/div>\n\t\t<\/div>\n\t\t\t\t<div class=\"elementor-column elementor-col-50 elementor-inner-column elementor-element elementor-element-8ffdea7\" data-id=\"8ffdea7\" data-element_type=\"column\">\n\t\t\t<div class=\"elementor-widget-wrap elementor-element-populated\">\n\t\t\t\t\t\t<div class=\"elementor-element elementor-element-ae03fb3 elementor-widget elementor-widget-text-editor\" data-id=\"ae03fb3\" data-element_type=\"widget\" data-widget_type=\"text-editor.default\">\n\t\t\t\t<div class=\"elementor-widget-container\">\n\t\t\t\t\t\t\t\t\t<h3>Die Berichte f\u00fcr Microproject k\u00f6nnen hier heruntergeladen werden:<\/h3><p><a href=\"https:\/\/valaissolidaire.ch\/\/documents\/2025-01\/2024_Rapport_Microprojet.fr.de.docx\">Mikroprojekt-Bericht &#8211; D (Formular 3a &#8211; microprojet)<\/a><\/p><p><a href=\"https:\/\/valaissolidaire.ch\/documents\/2025-01\/2024_Report_Microproject_EN.docx\">Mikroprojekt-Bericht &#8211; A (Formular 3a -microprojet)<\/a><\/p><p>&#8230;&#8230;&#8230;&#8230;&#8230;&#8230;&#8230;&#8230;&#8230;&#8230;&#8230;&#8230;<\/p><p><a href=\"https:\/\/valaissolidaire.ch\/documents\/2024-12\/2024_Rapport_financier_Microprojet.fr.de.xlsx\">Finanzbericht f\u00fcr MiKroprojekt &#8211; D (Formular 3b &#8211; microprojet)<\/a><\/p><p><a href=\"https:\/\/valaissolidaire.ch\/documents\/2024-12\/2024_Form_3b_financial_report_EN.xls\">Finanzbericht f\u00fcr Mikroprojekt &#8211; A (Formular 3b &#8211; microprojet)<\/a><\/p>\t\t\t\t\t\t\t\t<\/div>\n\t\t\t\t<\/div>\n\t\t\t\t\t<\/div>\n\t\t<\/div>\n\t\t\t\t\t<\/div>\n\t\t<\/section>\n\t\t\t\t<div class=\"elementor-element elementor-element-bec54d7 elementor-widget elementor-widget-spacer\" data-id=\"bec54d7\" data-element_type=\"widget\" data-widget_type=\"spacer.default\">\n\t\t\t\t<div class=\"elementor-widget-container\">\n\t\t\t\t\t\t\t<div class=\"elementor-spacer\">\n\t\t\t<div class=\"elementor-spacer-inner\"><\/div>\n\t\t<\/div>\n\t\t\t\t\t\t<\/div>\n\t\t\t\t<\/div>\n\t\t\t\t\t<\/div>\n\t\t<\/div>\n\t\t\t\t\t<\/div>\n\t\t<\/section>\n\t\t\t\t<\/div>\n\t\t","protected":false},"excerpt":{"rendered":"<p>Einen Bericht einreichen Bei einj\u00e4hrigen Projekten ist die Mitgliedsorganisation verpflichtet, nach Abschluss des Projekts einen T\u00e4tigkeitsbericht (Blatt 3a) sowie einen Finanzbericht (Blatt 3b) einzureichen. Bei mehrj\u00e4hrigen Projekten muss am Ende des 1. Jahres ein Fortschrittsbericht sowie ein Finanzbericht und am Ende des Projekts ein Abschlussbericht und ein Finanzbericht vorgelegt werden. Die Berichte m\u00fcssen auf den [&hellip;]<\/p>\n","protected":false},"author":1,"featured_media":0,"parent":5787,"menu_order":0,"comment_status":"closed","ping_status":"closed","template":"","meta":{"ocean_post_layout":"","ocean_both_sidebars_style":"","ocean_both_sidebars_content_width":0,"ocean_both_sidebars_sidebars_width":0,"ocean_sidebar":"0","ocean_second_sidebar":"0","ocean_disable_margins":"on","ocean_add_body_class":"","ocean_shortcode_before_top_bar":"","ocean_shortcode_after_top_bar":"","ocean_shortcode_before_header":"","ocean_shortcode_after_header":"","ocean_has_shortcode":"","ocean_shortcode_after_title":"","ocean_shortcode_before_footer_widgets":"","ocean_shortcode_after_footer_widgets":"","ocean_shortcode_before_footer_bottom":"","ocean_shortcode_after_footer_bottom":"","ocean_display_top_bar":"default","ocean_display_header":"default","ocean_header_style":"","ocean_center_header_left_menu":"0","ocean_custom_header_template":"0","ocean_custom_logo":0,"ocean_custom_retina_logo":0,"ocean_custom_logo_max_width":0,"ocean_custom_logo_tablet_max_width":0,"ocean_custom_logo_mobile_max_width":0,"ocean_custom_logo_max_height":0,"ocean_custom_logo_tablet_max_height":0,"ocean_custom_logo_mobile_max_height":0,"ocean_header_custom_menu":"0","ocean_menu_typo_font_family":"0","ocean_menu_typo_font_subset":"","ocean_menu_typo_font_size":0,"ocean_menu_typo_font_size_tablet":0,"ocean_menu_typo_font_size_mobile":0,"ocean_menu_typo_font_size_unit":"px","ocean_menu_typo_font_weight":"","ocean_menu_typo_font_weight_tablet":"","ocean_menu_typo_font_weight_mobile":"","ocean_menu_typo_transform":"","ocean_menu_typo_transform_tablet":"","ocean_menu_typo_transform_mobile":"","ocean_menu_typo_line_height":0,"ocean_menu_typo_line_height_tablet":0,"ocean_menu_typo_line_height_mobile":0,"ocean_menu_typo_line_height_unit":"","ocean_menu_typo_spacing":0,"ocean_menu_typo_spacing_tablet":0,"ocean_menu_typo_spacing_mobile":0,"ocean_menu_typo_spacing_unit":"","ocean_menu_link_color":"","ocean_menu_link_color_hover":"","ocean_menu_link_color_active":"","ocean_menu_link_background":"","ocean_menu_link_hover_background":"","ocean_menu_link_active_background":"","ocean_menu_social_links_bg":"","ocean_menu_social_hover_links_bg":"","ocean_menu_social_links_color":"","ocean_menu_social_hover_links_color":"","ocean_disable_title":"default","ocean_disable_heading":"default","ocean_post_title":"","ocean_post_subheading":"","ocean_post_title_style":"","ocean_post_title_background_color":"","ocean_post_title_background":0,"ocean_post_title_bg_image_position":"","ocean_post_title_bg_image_attachment":"","ocean_post_title_bg_image_repeat":"","ocean_post_title_bg_image_size":"","ocean_post_title_height":0,"ocean_post_title_bg_overlay":0.5,"ocean_post_title_bg_overlay_color":"","ocean_disable_breadcrumbs":"default","ocean_breadcrumbs_color":"","ocean_breadcrumbs_separator_color":"","ocean_breadcrumbs_links_color":"","ocean_breadcrumbs_links_hover_color":"","ocean_display_footer_widgets":"default","ocean_display_footer_bottom":"default","ocean_custom_footer_template":"0","osh_disable_topbar_sticky":"default","osh_disable_header_sticky":"default","osh_sticky_header_style":"default","osh_sticky_header_effect":"","osh_custom_sticky_logo":0,"osh_custom_retina_sticky_logo":0,"osh_custom_sticky_logo_height":0,"osh_background_color":"","osh_links_color":"","osh_links_hover_color":"","osh_links_active_color":"","osh_links_bg_color":"","osh_links_hover_bg_color":"","osh_links_active_bg_color":"","osh_menu_social_links_color":"","osh_menu_social_hover_links_color":"","footnotes":""},"class_list":["post-5811","page","type-page","status-publish","hentry","entry"],"yoast_head":"<!-- This site is optimized with the Yoast SEO plugin v26.7 - https:\/\/yoast.com\/wordpress\/plugins\/seo\/ -->\n<title>Einen Bericht einreichen - Valais Solidaire<\/title>\n<meta name=\"robots\" content=\"index, follow, max-snippet:-1, max-image-preview:large, max-video-preview:-1\" \/>\n<link rel=\"canonical\" href=\"https:\/\/valaissolidaire.ch\/de\/mitgliederbereich\/einen-bericht-einreichen\/\" \/>\n<meta property=\"og:locale\" content=\"de_DE\" \/>\n<meta property=\"og:type\" content=\"article\" \/>\n<meta property=\"og:title\" content=\"Einen Bericht einreichen - Valais Solidaire\" \/>\n<meta property=\"og:description\" content=\"Einen Bericht einreichen Bei einj\u00e4hrigen Projekten ist die Mitgliedsorganisation verpflichtet, nach Abschluss des Projekts einen T\u00e4tigkeitsbericht (Blatt 3a) sowie einen Finanzbericht (Blatt 3b) einzureichen. Bei mehrj\u00e4hrigen Projekten muss am Ende des 1. Jahres ein Fortschrittsbericht sowie ein Finanzbericht und am Ende des Projekts ein Abschlussbericht und ein Finanzbericht vorgelegt werden. Die Berichte m\u00fcssen auf den [&hellip;]\" \/>\n<meta property=\"og:url\" content=\"https:\/\/valaissolidaire.ch\/de\/mitgliederbereich\/einen-bericht-einreichen\/\" \/>\n<meta property=\"og:site_name\" content=\"Valais Solidaire\" \/>\n<meta property=\"article:modified_time\" content=\"2025-01-23T13:19:17+00:00\" \/>\n<meta name=\"twitter:card\" content=\"summary_large_image\" \/>\n<meta name=\"twitter:label1\" content=\"Gesch\u00e4tzte Lesezeit\" \/>\n\t<meta name=\"twitter:data1\" content=\"1\u00a0Minute\" \/>\n<script type=\"application\/ld+json\" class=\"yoast-schema-graph\">{\"@context\":\"https:\/\/schema.org\",\"@graph\":[{\"@type\":\"WebPage\",\"@id\":\"https:\/\/valaissolidaire.ch\/de\/mitgliederbereich\/einen-bericht-einreichen\/\",\"url\":\"https:\/\/valaissolidaire.ch\/de\/mitgliederbereich\/einen-bericht-einreichen\/\",\"name\":\"Einen Bericht einreichen - Valais Solidaire\",\"isPartOf\":{\"@id\":\"https:\/\/valaissolidaire.ch\/de\/#website\"},\"datePublished\":\"2022-04-21T09:11:22+00:00\",\"dateModified\":\"2025-01-23T13:19:17+00:00\",\"breadcrumb\":{\"@id\":\"https:\/\/valaissolidaire.ch\/de\/mitgliederbereich\/einen-bericht-einreichen\/#breadcrumb\"},\"inLanguage\":\"de\",\"potentialAction\":[{\"@type\":\"ReadAction\",\"target\":[\"https:\/\/valaissolidaire.ch\/de\/mitgliederbereich\/einen-bericht-einreichen\/\"]}]},{\"@type\":\"BreadcrumbList\",\"@id\":\"https:\/\/valaissolidaire.ch\/de\/mitgliederbereich\/einen-bericht-einreichen\/#breadcrumb\",\"itemListElement\":[{\"@type\":\"ListItem\",\"position\":1,\"name\":\"Accueil\",\"item\":\"https:\/\/valaissolidaire.ch\/de\/home\/\"},{\"@type\":\"ListItem\",\"position\":2,\"name\":\"Mitgliederbereich\",\"item\":\"https:\/\/valaissolidaire.ch\/de\/mitgliederbereich\/\"},{\"@type\":\"ListItem\",\"position\":3,\"name\":\"Einen Bericht einreichen\"}]},{\"@type\":\"WebSite\",\"@id\":\"https:\/\/valaissolidaire.ch\/de\/#website\",\"url\":\"https:\/\/valaissolidaire.ch\/de\/\",\"name\":\"Valais Solidaire\",\"description\":\"\",\"publisher\":{\"@id\":\"https:\/\/valaissolidaire.ch\/de\/#organization\"},\"potentialAction\":[{\"@type\":\"SearchAction\",\"target\":{\"@type\":\"EntryPoint\",\"urlTemplate\":\"https:\/\/valaissolidaire.ch\/de\/?s={search_term_string}\"},\"query-input\":{\"@type\":\"PropertyValueSpecification\",\"valueRequired\":true,\"valueName\":\"search_term_string\"}}],\"inLanguage\":\"de\"},{\"@type\":\"Organization\",\"@id\":\"https:\/\/valaissolidaire.ch\/de\/#organization\",\"name\":\"Valais Solidaire\",\"url\":\"https:\/\/valaissolidaire.ch\/de\/\",\"logo\":{\"@type\":\"ImageObject\",\"inLanguage\":\"de\",\"@id\":\"https:\/\/valaissolidaire.ch\/de\/#\/schema\/logo\/image\/\",\"url\":\"https:\/\/valaissolidaire.ch\/wp-content\/uploads\/2022\/03\/Logo-2.png\",\"contentUrl\":\"https:\/\/valaissolidaire.ch\/wp-content\/uploads\/2022\/03\/Logo-2.png\",\"width\":2362,\"height\":817,\"caption\":\"Valais Solidaire\"},\"image\":{\"@id\":\"https:\/\/valaissolidaire.ch\/de\/#\/schema\/logo\/image\/\"}}]}<\/script>\n<!-- \/ Yoast SEO plugin. -->","yoast_head_json":{"title":"Einen Bericht einreichen - Valais Solidaire","robots":{"index":"index","follow":"follow","max-snippet":"max-snippet:-1","max-image-preview":"max-image-preview:large","max-video-preview":"max-video-preview:-1"},"canonical":"https:\/\/valaissolidaire.ch\/de\/mitgliederbereich\/einen-bericht-einreichen\/","og_locale":"de_DE","og_type":"article","og_title":"Einen Bericht einreichen - Valais Solidaire","og_description":"Einen Bericht einreichen Bei einj\u00e4hrigen Projekten ist die Mitgliedsorganisation verpflichtet, nach Abschluss des Projekts einen T\u00e4tigkeitsbericht (Blatt 3a) sowie einen Finanzbericht (Blatt 3b) einzureichen. Bei mehrj\u00e4hrigen Projekten muss am Ende des 1. Jahres ein Fortschrittsbericht sowie ein Finanzbericht und am Ende des Projekts ein Abschlussbericht und ein Finanzbericht vorgelegt werden. Die Berichte m\u00fcssen auf den [&hellip;]","og_url":"https:\/\/valaissolidaire.ch\/de\/mitgliederbereich\/einen-bericht-einreichen\/","og_site_name":"Valais Solidaire","article_modified_time":"2025-01-23T13:19:17+00:00","twitter_card":"summary_large_image","twitter_misc":{"Gesch\u00e4tzte Lesezeit":"1\u00a0Minute"},"schema":{"@context":"https:\/\/schema.org","@graph":[{"@type":"WebPage","@id":"https:\/\/valaissolidaire.ch\/de\/mitgliederbereich\/einen-bericht-einreichen\/","url":"https:\/\/valaissolidaire.ch\/de\/mitgliederbereich\/einen-bericht-einreichen\/","name":"Einen Bericht einreichen - Valais Solidaire","isPartOf":{"@id":"https:\/\/valaissolidaire.ch\/de\/#website"},"datePublished":"2022-04-21T09:11:22+00:00","dateModified":"2025-01-23T13:19:17+00:00","breadcrumb":{"@id":"https:\/\/valaissolidaire.ch\/de\/mitgliederbereich\/einen-bericht-einreichen\/#breadcrumb"},"inLanguage":"de","potentialAction":[{"@type":"ReadAction","target":["https:\/\/valaissolidaire.ch\/de\/mitgliederbereich\/einen-bericht-einreichen\/"]}]},{"@type":"BreadcrumbList","@id":"https:\/\/valaissolidaire.ch\/de\/mitgliederbereich\/einen-bericht-einreichen\/#breadcrumb","itemListElement":[{"@type":"ListItem","position":1,"name":"Accueil","item":"https:\/\/valaissolidaire.ch\/de\/home\/"},{"@type":"ListItem","position":2,"name":"Mitgliederbereich","item":"https:\/\/valaissolidaire.ch\/de\/mitgliederbereich\/"},{"@type":"ListItem","position":3,"name":"Einen Bericht einreichen"}]},{"@type":"WebSite","@id":"https:\/\/valaissolidaire.ch\/de\/#website","url":"https:\/\/valaissolidaire.ch\/de\/","name":"Valais Solidaire","description":"","publisher":{"@id":"https:\/\/valaissolidaire.ch\/de\/#organization"},"potentialAction":[{"@type":"SearchAction","target":{"@type":"EntryPoint","urlTemplate":"https:\/\/valaissolidaire.ch\/de\/?s={search_term_string}"},"query-input":{"@type":"PropertyValueSpecification","valueRequired":true,"valueName":"search_term_string"}}],"inLanguage":"de"},{"@type":"Organization","@id":"https:\/\/valaissolidaire.ch\/de\/#organization","name":"Valais Solidaire","url":"https:\/\/valaissolidaire.ch\/de\/","logo":{"@type":"ImageObject","inLanguage":"de","@id":"https:\/\/valaissolidaire.ch\/de\/#\/schema\/logo\/image\/","url":"https:\/\/valaissolidaire.ch\/wp-content\/uploads\/2022\/03\/Logo-2.png","contentUrl":"https:\/\/valaissolidaire.ch\/wp-content\/uploads\/2022\/03\/Logo-2.png","width":2362,"height":817,"caption":"Valais Solidaire"},"image":{"@id":"https:\/\/valaissolidaire.ch\/de\/#\/schema\/logo\/image\/"}}]}},"_links":{"self":[{"href":"https:\/\/valaissolidaire.ch\/de\/wp-json\/wp\/v2\/pages\/5811","targetHints":{"allow":["GET"]}}],"collection":[{"href":"https:\/\/valaissolidaire.ch\/de\/wp-json\/wp\/v2\/pages"}],"about":[{"href":"https:\/\/valaissolidaire.ch\/de\/wp-json\/wp\/v2\/types\/page"}],"author":[{"embeddable":true,"href":"https:\/\/valaissolidaire.ch\/de\/wp-json\/wp\/v2\/users\/1"}],"replies":[{"embeddable":true,"href":"https:\/\/valaissolidaire.ch\/de\/wp-json\/wp\/v2\/comments?post=5811"}],"version-history":[{"count":13,"href":"https:\/\/valaissolidaire.ch\/de\/wp-json\/wp\/v2\/pages\/5811\/revisions"}],"predecessor-version":[{"id":6998,"href":"https:\/\/valaissolidaire.ch\/de\/wp-json\/wp\/v2\/pages\/5811\/revisions\/6998"}],"up":[{"embeddable":true,"href":"https:\/\/valaissolidaire.ch\/de\/wp-json\/wp\/v2\/pages\/5787"}],"wp:attachment":[{"href":"https:\/\/valaissolidaire.ch\/de\/wp-json\/wp\/v2\/media?parent=5811"}],"curies":[{"name":"wp","href":"https:\/\/api.w.org\/{rel}","templated":true}]}}