{"id":5809,"date":"2022-04-21T11:06:23","date_gmt":"2022-04-21T09:06:23","guid":{"rendered":"https:\/\/valaissolidaire.ch\/mitgliederbereich\/ein-projekt-einreichen\/"},"modified":"2025-01-23T14:17:14","modified_gmt":"2025-01-23T13:17:14","slug":"ein-projekt-einreichen","status":"publish","type":"page","link":"https:\/\/valaissolidaire.ch\/de\/mitgliederbereich\/ein-projekt-einreichen\/","title":{"rendered":"Ein Projekt einreichen"},"content":{"rendered":"\t\t<div data-elementor-type=\"wp-page\" data-elementor-id=\"5809\" class=\"elementor elementor-5809 elementor-1618\" data-elementor-post-type=\"page\">\n\t\t\t\t\t\t<section class=\"elementor-section elementor-top-section elementor-element elementor-element-dda4ad7 elementor-section-full_width elementor-section-height-default elementor-section-height-default\" data-id=\"dda4ad7\" data-element_type=\"section\">\n\t\t\t\t\t\t<div class=\"elementor-container elementor-column-gap-default\">\n\t\t\t\t\t<div class=\"elementor-column elementor-col-100 elementor-top-column elementor-element elementor-element-bec039f\" data-id=\"bec039f\" data-element_type=\"column\">\n\t\t\t<div class=\"elementor-widget-wrap elementor-element-populated\">\n\t\t\t\t\t\t<div class=\"elementor-element elementor-element-9efda7f elementor-widget elementor-widget-spacer\" data-id=\"9efda7f\" data-element_type=\"widget\" data-widget_type=\"spacer.default\">\n\t\t\t\t<div class=\"elementor-widget-container\">\n\t\t\t\t\t\t\t<div class=\"elementor-spacer\">\n\t\t\t<div class=\"elementor-spacer-inner\"><\/div>\n\t\t<\/div>\n\t\t\t\t\t\t<\/div>\n\t\t\t\t<\/div>\n\t\t\t\t<div class=\"elementor-element elementor-element-d195382 elementor-widget elementor-widget-heading\" data-id=\"d195382\" data-element_type=\"widget\" data-widget_type=\"heading.default\">\n\t\t\t\t<div class=\"elementor-widget-container\">\n\t\t\t\t\t<h1 class=\"elementor-heading-title elementor-size-default\">Ein Projekt einreichen<\/h1>\t\t\t\t<\/div>\n\t\t\t\t<\/div>\n\t\t\t\t<div class=\"elementor-element elementor-element-637e8ee elementor-widget elementor-widget-spacer\" data-id=\"637e8ee\" data-element_type=\"widget\" data-widget_type=\"spacer.default\">\n\t\t\t\t<div class=\"elementor-widget-container\">\n\t\t\t\t\t\t\t<div class=\"elementor-spacer\">\n\t\t\t<div class=\"elementor-spacer-inner\"><\/div>\n\t\t<\/div>\n\t\t\t\t\t\t<\/div>\n\t\t\t\t<\/div>\n\t\t\t\t\t<\/div>\n\t\t<\/div>\n\t\t\t\t\t<\/div>\n\t\t<\/section>\n\t\t\t\t<section class=\"elementor-section elementor-top-section elementor-element elementor-element-fe635d5 elementor-section-full_width elementor-section-height-default elementor-section-height-default\" data-id=\"fe635d5\" data-element_type=\"section\">\n\t\t\t\t\t\t<div class=\"elementor-container elementor-column-gap-default\">\n\t\t\t\t\t<div class=\"elementor-column elementor-col-100 elementor-top-column elementor-element elementor-element-1fbeaf6\" data-id=\"1fbeaf6\" data-element_type=\"column\">\n\t\t\t<div class=\"elementor-widget-wrap elementor-element-populated\">\n\t\t\t\t\t\t<div class=\"elementor-element elementor-element-09062e2 elementor-widget elementor-widget-heading\" data-id=\"09062e2\" data-element_type=\"widget\" data-widget_type=\"heading.default\">\n\t\t\t\t<div class=\"elementor-widget-container\">\n\t\t\t\t\t<h2 class=\"elementor-heading-title elementor-size-default\">EINEN FINANZIERUNGSANTRAG F\u00dcR EIN PROJEKT EINREICHEN.<\/h2>\t\t\t\t<\/div>\n\t\t\t\t<\/div>\n\t\t\t\t<div class=\"elementor-element elementor-element-bdf20f2 elementor-widget elementor-widget-text-editor\" data-id=\"bdf20f2\" data-element_type=\"widget\" data-widget_type=\"text-editor.default\">\n\t\t\t\t<div class=\"elementor-widget-container\">\n\t\t\t\t\t\t\t\t\t<p><strong>Nur Walliser Solidaire-Mitgliedsorganisationen k\u00f6nnen ein Projekt einreichen.<\/strong> Infos, wie Sie Mitglied von Valais Solidaire werden k\u00f6nnen: <a href=\"https:\/\/valaissolidaire.ch\/de\/mitgliedsorganisationen\/#devenir\">hier<\/a><\/p><p>Finanzierungsgesuche k\u00f6nnen einmal pro Jahr eingereicht werden :<\/p><ul><li><span style=\"color: #ff0000;\">Achtung die neue Deadline f\u00fcr die Einreichung von Projekten ist der 31. Marz<\/span><\/li><li>Die Finanzierungsentscheide werden am 30. Juni bekannt gegeben.<\/li><li>Von jedem Antragsdossier muss ein Exemplar in Papierform und eine digitale Version eingereicht werden.<\/li><li>Bei einem Zweij\u00e4hrigen Projekt wird die Finanzierung des zweiten Jahres per E-Mail mit der Einsendung des Zwischenbericht (Blatt 3aa) und des Finanzberichts (Blatt 3b) des ersten Jahres beantragt.<\/li><li>Die Projekte m\u00fcssen zwingend auf den unten zur Verf\u00fcgung stehenden Bl\u00e4ttern dargestellt werden.<\/li><li>Alle Dokumente m\u00fcssen datiert und unterschrieben sein.<\/li><\/ul>\t\t\t\t\t\t\t\t<\/div>\n\t\t\t\t<\/div>\n\t\t\t\t<section class=\"elementor-section elementor-inner-section elementor-element elementor-element-2288b32 elementor-section-full_width elementor-section-height-default elementor-section-height-default\" data-id=\"2288b32\" data-element_type=\"section\">\n\t\t\t\t\t\t<div class=\"elementor-container elementor-column-gap-no\">\n\t\t\t\t\t<div class=\"elementor-column elementor-col-50 elementor-inner-column elementor-element elementor-element-6441b7f\" data-id=\"6441b7f\" data-element_type=\"column\">\n\t\t\t<div class=\"elementor-widget-wrap elementor-element-populated\">\n\t\t\t\t\t\t<div class=\"elementor-element elementor-element-159934a elementor-widget elementor-widget-text-editor\" data-id=\"159934a\" data-element_type=\"widget\" data-widget_type=\"text-editor.default\">\n\t\t\t\t<div class=\"elementor-widget-container\">\n\t\t\t\t\t\t\t\t\t<h3><strong>Die auszuf\u00fcllenden Dokumente k\u00f6nnen hier heruntergeladen werden :<\/strong><\/h3><p><a href=\"https:\/\/valaissolidaire.ch\/wp-content\/uploads\/2024\/11\/CT-Procedure-Projets-OM-_2024.pdf\">Verfahren zur Einreichung von Antr\u00e4gen (CT_ proc\u00e9dure &#8211; OM)<\/a><\/p><p><a href=\"https:\/\/valaissolidaire.ch\/documents\/2024\/Formular_1-MO_allemand.docx\">OM-Pr\u00e4sentationsblatt (Blatt 1-OM-Pr\u00e4sentation)<\/a><\/p><p>&#8230;&#8230;&#8230;&#8230;&#8230;&#8230;&#8230;&#8230;&#8230;&#8230;&#8230;&#8230;&#8230;.<\/p><p><a href=\"https:\/\/valaissolidaire.ch\/documents\/2024\/Formular_2a_-_2020.docx\">Blatt zur Vorstellung des Projekts &#8211; D (Blatt 2a &#8211; SDG-ARI)<\/a><\/p><p><a href=\"https:\/\/valaissolidaire.ch\/documents\/2024\/Form_2a_2020.docx\">Blatt zur Vorstellung des Projekts &#8211; A (Blatt 2a &#8211; SDG-ARI)<\/a><\/p><p>&#8230;&#8230;&#8230;&#8230;&#8230;&#8230;&#8230;&#8230;&#8230;&#8230;&#8230;&#8230;&#8230;..<\/p><p><a href=\"https:\/\/valaissolidaire.ch\/documents\/2024\/Formular_2b-Budget-2019.xlsx\">Blatt Budget des Projekts &#8211; D (Fiche 2b-budget)<\/a><\/p><p><a href=\"https:\/\/valaissolidaire.ch\/documents\/2024\/Form_2b_Budget_-_2020.xlsx\">Blatt Budget des Projekts &#8211; A (Fiche 2b-budget)<\/a><\/p>\t\t\t\t\t\t\t\t<\/div>\n\t\t\t\t<\/div>\n\t\t\t\t\t<\/div>\n\t\t<\/div>\n\t\t\t\t<div class=\"elementor-column elementor-col-50 elementor-inner-column elementor-element elementor-element-7ba1e41\" data-id=\"7ba1e41\" data-element_type=\"column\">\n\t\t\t<div class=\"elementor-widget-wrap elementor-element-populated\">\n\t\t\t\t\t\t<div class=\"elementor-element elementor-element-b86dfba elementor-widget elementor-widget-text-editor\" data-id=\"b86dfba\" data-element_type=\"widget\" data-widget_type=\"text-editor.default\">\n\t\t\t\t<div class=\"elementor-widget-container\">\n\t\t\t\t\t\t\t\t\t<h3>Vereinfachte Darstellung f\u00fcr MICROPROJECT \/ CHF 5&#8217;000 bis 10&#8217;000 Total Land Projekt<\/h3><p><a href=\"https:\/\/valaissolidaire.ch\/documents\/2025-01\/2024_Demande_Microprojet.fr.de.docx\">Pr\u00e4sentationsblatt eines Mikroprojekts &#8211; D (Blatt 2a &#8211; microprojet)<\/a><\/p><p><a href=\"https:\/\/valaissolidaire.ch\/\/documents\/2025-01\/2024_Presentation%20microproject_EN.docx\">Pr\u00e4sentationsblatt eines Mikroprojekts &#8211; A (Blatt 2a &#8211; microprojet)<\/a><\/p><p>&#8230;&#8230;&#8230;&#8230;&#8230;&#8230;&#8230;&#8230;&#8230;&#8230;&#8230;&#8230;&#8230;&#8230;<\/p><p><a href=\"https:\/\/valaissolidaire.ch\/documents\/2024-12\/2024_Budget_Microprojet.fr.de.xlsx\">Blatt Budget eines Mikroprojekts &#8211; D (Blatt 2b &#8211; microprojet)<\/a><\/p><p><a href=\"https:\/\/valaissolidaire.ch\/documents\/2024-12\/2024_Form_2b_Budget_EN.xlsx\">Blatt Budget eines Mikroprojekts &#8211; A (Blatt 2b &#8211; microprojet)<\/a><\/p><h3><strong>Dokumente, die Ihnen helfen k\u00f6nnen:<\/strong><\/h3><p><a href=\"https:\/\/valaissolidaire.ch\/wp-content\/uploads\/2023\/11\/Guide-Criteres-2023.pdf\">Leitfaden und Kriterien f\u00fcr die Beantragung von Beitr\u00e4gen (guide_criteres)<\/a><\/p><p><a href=\"http:\/\/valaissolidaire.ch\/documents\/Grille_Lecture_Projet_CT_VS_2021.xlsx\" target=\"_blank\" rel=\"noopener\">Raster f\u00fcr die Lekt\u00fcre (grille_lecture_projet_CT)<\/a><\/p>\t\t\t\t\t\t\t\t<\/div>\n\t\t\t\t<\/div>\n\t\t\t\t\t<\/div>\n\t\t<\/div>\n\t\t\t\t\t<\/div>\n\t\t<\/section>\n\t\t\t\t<div class=\"elementor-element elementor-element-961edea elementor-widget elementor-widget-spacer\" data-id=\"961edea\" data-element_type=\"widget\" data-widget_type=\"spacer.default\">\n\t\t\t\t<div class=\"elementor-widget-container\">\n\t\t\t\t\t\t\t<div class=\"elementor-spacer\">\n\t\t\t<div class=\"elementor-spacer-inner\"><\/div>\n\t\t<\/div>\n\t\t\t\t\t\t<\/div>\n\t\t\t\t<\/div>\n\t\t\t\t\t<\/div>\n\t\t<\/div>\n\t\t\t\t\t<\/div>\n\t\t<\/section>\n\t\t\t\t<\/div>\n\t\t","protected":false},"excerpt":{"rendered":"<p>Ein Projekt einreichen EINEN FINANZIERUNGSANTRAG F\u00dcR EIN PROJEKT EINREICHEN. Nur Walliser Solidaire-Mitgliedsorganisationen k\u00f6nnen ein Projekt einreichen. Infos, wie Sie Mitglied von Valais Solidaire werden k\u00f6nnen: hier Finanzierungsgesuche k\u00f6nnen einmal pro Jahr eingereicht werden : Achtung die neue Deadline f\u00fcr die Einreichung von Projekten ist der 31. Marz Die Finanzierungsentscheide werden am 30. Juni bekannt gegeben. [&hellip;]<\/p>\n","protected":false},"author":1,"featured_media":0,"parent":5787,"menu_order":0,"comment_status":"closed","ping_status":"closed","template":"","meta":{"ocean_post_layout":"","ocean_both_sidebars_style":"","ocean_both_sidebars_content_width":0,"ocean_both_sidebars_sidebars_width":0,"ocean_sidebar":"0","ocean_second_sidebar":"0","ocean_disable_margins":"on","ocean_add_body_class":"","ocean_shortcode_before_top_bar":"","ocean_shortcode_after_top_bar":"","ocean_shortcode_before_header":"","ocean_shortcode_after_header":"","ocean_has_shortcode":"","ocean_shortcode_after_title":"","ocean_shortcode_before_footer_widgets":"","ocean_shortcode_after_footer_widgets":"","ocean_shortcode_before_footer_bottom":"","ocean_shortcode_after_footer_bottom":"","ocean_display_top_bar":"default","ocean_display_header":"default","ocean_header_style":"","ocean_center_header_left_menu":"0","ocean_custom_header_template":"0","ocean_custom_logo":0,"ocean_custom_retina_logo":0,"ocean_custom_logo_max_width":0,"ocean_custom_logo_tablet_max_width":0,"ocean_custom_logo_mobile_max_width":0,"ocean_custom_logo_max_height":0,"ocean_custom_logo_tablet_max_height":0,"ocean_custom_logo_mobile_max_height":0,"ocean_header_custom_menu":"0","ocean_menu_typo_font_family":"0","ocean_menu_typo_font_subset":"","ocean_menu_typo_font_size":0,"ocean_menu_typo_font_size_tablet":0,"ocean_menu_typo_font_size_mobile":0,"ocean_menu_typo_font_size_unit":"px","ocean_menu_typo_font_weight":"","ocean_menu_typo_font_weight_tablet":"","ocean_menu_typo_font_weight_mobile":"","ocean_menu_typo_transform":"","ocean_menu_typo_transform_tablet":"","ocean_menu_typo_transform_mobile":"","ocean_menu_typo_line_height":0,"ocean_menu_typo_line_height_tablet":0,"ocean_menu_typo_line_height_mobile":0,"ocean_menu_typo_line_height_unit":"","ocean_menu_typo_spacing":0,"ocean_menu_typo_spacing_tablet":0,"ocean_menu_typo_spacing_mobile":0,"ocean_menu_typo_spacing_unit":"","ocean_menu_link_color":"","ocean_menu_link_color_hover":"","ocean_menu_link_color_active":"","ocean_menu_link_background":"","ocean_menu_link_hover_background":"","ocean_menu_link_active_background":"","ocean_menu_social_links_bg":"","ocean_menu_social_hover_links_bg":"","ocean_menu_social_links_color":"","ocean_menu_social_hover_links_color":"","ocean_disable_title":"default","ocean_disable_heading":"default","ocean_post_title":"","ocean_post_subheading":"","ocean_post_title_style":"","ocean_post_title_background_color":"","ocean_post_title_background":0,"ocean_post_title_bg_image_position":"","ocean_post_title_bg_image_attachment":"","ocean_post_title_bg_image_repeat":"","ocean_post_title_bg_image_size":"","ocean_post_title_height":0,"ocean_post_title_bg_overlay":0.5,"ocean_post_title_bg_overlay_color":"","ocean_disable_breadcrumbs":"default","ocean_breadcrumbs_color":"","ocean_breadcrumbs_separator_color":"","ocean_breadcrumbs_links_color":"","ocean_breadcrumbs_links_hover_color":"","ocean_display_footer_widgets":"default","ocean_display_footer_bottom":"default","ocean_custom_footer_template":"0","osh_disable_topbar_sticky":"default","osh_disable_header_sticky":"default","osh_sticky_header_style":"default","osh_sticky_header_effect":"","osh_custom_sticky_logo":0,"osh_custom_retina_sticky_logo":0,"osh_custom_sticky_logo_height":0,"osh_background_color":"","osh_links_color":"","osh_links_hover_color":"","osh_links_active_color":"","osh_links_bg_color":"","osh_links_hover_bg_color":"","osh_links_active_bg_color":"","osh_menu_social_links_color":"","osh_menu_social_hover_links_color":"","footnotes":""},"class_list":["post-5809","page","type-page","status-publish","hentry","entry"],"yoast_head":"<!-- This site is optimized with the Yoast SEO plugin v26.7 - https:\/\/yoast.com\/wordpress\/plugins\/seo\/ -->\n<title>Ein Projekt einreichen - Valais Solidaire<\/title>\n<meta name=\"robots\" content=\"index, follow, max-snippet:-1, max-image-preview:large, max-video-preview:-1\" \/>\n<link rel=\"canonical\" href=\"https:\/\/valaissolidaire.ch\/de\/mitgliederbereich\/ein-projekt-einreichen\/\" \/>\n<meta property=\"og:locale\" content=\"de_DE\" \/>\n<meta property=\"og:type\" content=\"article\" \/>\n<meta property=\"og:title\" content=\"Ein Projekt einreichen - Valais Solidaire\" \/>\n<meta property=\"og:description\" content=\"Ein Projekt einreichen EINEN FINANZIERUNGSANTRAG F\u00dcR EIN PROJEKT EINREICHEN. Nur Walliser Solidaire-Mitgliedsorganisationen k\u00f6nnen ein Projekt einreichen. Infos, wie Sie Mitglied von Valais Solidaire werden k\u00f6nnen: hier Finanzierungsgesuche k\u00f6nnen einmal pro Jahr eingereicht werden : Achtung die neue Deadline f\u00fcr die Einreichung von Projekten ist der 31. Marz Die Finanzierungsentscheide werden am 30. Juni bekannt gegeben. [&hellip;]\" \/>\n<meta property=\"og:url\" content=\"https:\/\/valaissolidaire.ch\/de\/mitgliederbereich\/ein-projekt-einreichen\/\" \/>\n<meta property=\"og:site_name\" content=\"Valais Solidaire\" \/>\n<meta property=\"article:modified_time\" content=\"2025-01-23T13:17:14+00:00\" \/>\n<meta name=\"twitter:card\" content=\"summary_large_image\" \/>\n<meta name=\"twitter:label1\" content=\"Gesch\u00e4tzte Lesezeit\" \/>\n\t<meta name=\"twitter:data1\" content=\"2\u00a0Minuten\" \/>\n<script type=\"application\/ld+json\" class=\"yoast-schema-graph\">{\"@context\":\"https:\/\/schema.org\",\"@graph\":[{\"@type\":\"WebPage\",\"@id\":\"https:\/\/valaissolidaire.ch\/de\/mitgliederbereich\/ein-projekt-einreichen\/\",\"url\":\"https:\/\/valaissolidaire.ch\/de\/mitgliederbereich\/ein-projekt-einreichen\/\",\"name\":\"Ein Projekt einreichen - Valais Solidaire\",\"isPartOf\":{\"@id\":\"https:\/\/valaissolidaire.ch\/de\/#website\"},\"datePublished\":\"2022-04-21T09:06:23+00:00\",\"dateModified\":\"2025-01-23T13:17:14+00:00\",\"breadcrumb\":{\"@id\":\"https:\/\/valaissolidaire.ch\/de\/mitgliederbereich\/ein-projekt-einreichen\/#breadcrumb\"},\"inLanguage\":\"de\",\"potentialAction\":[{\"@type\":\"ReadAction\",\"target\":[\"https:\/\/valaissolidaire.ch\/de\/mitgliederbereich\/ein-projekt-einreichen\/\"]}]},{\"@type\":\"BreadcrumbList\",\"@id\":\"https:\/\/valaissolidaire.ch\/de\/mitgliederbereich\/ein-projekt-einreichen\/#breadcrumb\",\"itemListElement\":[{\"@type\":\"ListItem\",\"position\":1,\"name\":\"Accueil\",\"item\":\"https:\/\/valaissolidaire.ch\/de\/home\/\"},{\"@type\":\"ListItem\",\"position\":2,\"name\":\"Mitgliederbereich\",\"item\":\"https:\/\/valaissolidaire.ch\/de\/mitgliederbereich\/\"},{\"@type\":\"ListItem\",\"position\":3,\"name\":\"Ein Projekt einreichen\"}]},{\"@type\":\"WebSite\",\"@id\":\"https:\/\/valaissolidaire.ch\/de\/#website\",\"url\":\"https:\/\/valaissolidaire.ch\/de\/\",\"name\":\"Valais Solidaire\",\"description\":\"\",\"publisher\":{\"@id\":\"https:\/\/valaissolidaire.ch\/de\/#organization\"},\"potentialAction\":[{\"@type\":\"SearchAction\",\"target\":{\"@type\":\"EntryPoint\",\"urlTemplate\":\"https:\/\/valaissolidaire.ch\/de\/?s={search_term_string}\"},\"query-input\":{\"@type\":\"PropertyValueSpecification\",\"valueRequired\":true,\"valueName\":\"search_term_string\"}}],\"inLanguage\":\"de\"},{\"@type\":\"Organization\",\"@id\":\"https:\/\/valaissolidaire.ch\/de\/#organization\",\"name\":\"Valais Solidaire\",\"url\":\"https:\/\/valaissolidaire.ch\/de\/\",\"logo\":{\"@type\":\"ImageObject\",\"inLanguage\":\"de\",\"@id\":\"https:\/\/valaissolidaire.ch\/de\/#\/schema\/logo\/image\/\",\"url\":\"https:\/\/valaissolidaire.ch\/wp-content\/uploads\/2022\/03\/Logo-2.png\",\"contentUrl\":\"https:\/\/valaissolidaire.ch\/wp-content\/uploads\/2022\/03\/Logo-2.png\",\"width\":2362,\"height\":817,\"caption\":\"Valais Solidaire\"},\"image\":{\"@id\":\"https:\/\/valaissolidaire.ch\/de\/#\/schema\/logo\/image\/\"}}]}<\/script>\n<!-- \/ Yoast SEO plugin. -->","yoast_head_json":{"title":"Ein Projekt einreichen - Valais Solidaire","robots":{"index":"index","follow":"follow","max-snippet":"max-snippet:-1","max-image-preview":"max-image-preview:large","max-video-preview":"max-video-preview:-1"},"canonical":"https:\/\/valaissolidaire.ch\/de\/mitgliederbereich\/ein-projekt-einreichen\/","og_locale":"de_DE","og_type":"article","og_title":"Ein Projekt einreichen - Valais Solidaire","og_description":"Ein Projekt einreichen EINEN FINANZIERUNGSANTRAG F\u00dcR EIN PROJEKT EINREICHEN. Nur Walliser Solidaire-Mitgliedsorganisationen k\u00f6nnen ein Projekt einreichen. Infos, wie Sie Mitglied von Valais Solidaire werden k\u00f6nnen: hier Finanzierungsgesuche k\u00f6nnen einmal pro Jahr eingereicht werden : Achtung die neue Deadline f\u00fcr die Einreichung von Projekten ist der 31. Marz Die Finanzierungsentscheide werden am 30. Juni bekannt gegeben. [&hellip;]","og_url":"https:\/\/valaissolidaire.ch\/de\/mitgliederbereich\/ein-projekt-einreichen\/","og_site_name":"Valais Solidaire","article_modified_time":"2025-01-23T13:17:14+00:00","twitter_card":"summary_large_image","twitter_misc":{"Gesch\u00e4tzte Lesezeit":"2\u00a0Minuten"},"schema":{"@context":"https:\/\/schema.org","@graph":[{"@type":"WebPage","@id":"https:\/\/valaissolidaire.ch\/de\/mitgliederbereich\/ein-projekt-einreichen\/","url":"https:\/\/valaissolidaire.ch\/de\/mitgliederbereich\/ein-projekt-einreichen\/","name":"Ein Projekt einreichen - Valais Solidaire","isPartOf":{"@id":"https:\/\/valaissolidaire.ch\/de\/#website"},"datePublished":"2022-04-21T09:06:23+00:00","dateModified":"2025-01-23T13:17:14+00:00","breadcrumb":{"@id":"https:\/\/valaissolidaire.ch\/de\/mitgliederbereich\/ein-projekt-einreichen\/#breadcrumb"},"inLanguage":"de","potentialAction":[{"@type":"ReadAction","target":["https:\/\/valaissolidaire.ch\/de\/mitgliederbereich\/ein-projekt-einreichen\/"]}]},{"@type":"BreadcrumbList","@id":"https:\/\/valaissolidaire.ch\/de\/mitgliederbereich\/ein-projekt-einreichen\/#breadcrumb","itemListElement":[{"@type":"ListItem","position":1,"name":"Accueil","item":"https:\/\/valaissolidaire.ch\/de\/home\/"},{"@type":"ListItem","position":2,"name":"Mitgliederbereich","item":"https:\/\/valaissolidaire.ch\/de\/mitgliederbereich\/"},{"@type":"ListItem","position":3,"name":"Ein Projekt einreichen"}]},{"@type":"WebSite","@id":"https:\/\/valaissolidaire.ch\/de\/#website","url":"https:\/\/valaissolidaire.ch\/de\/","name":"Valais Solidaire","description":"","publisher":{"@id":"https:\/\/valaissolidaire.ch\/de\/#organization"},"potentialAction":[{"@type":"SearchAction","target":{"@type":"EntryPoint","urlTemplate":"https:\/\/valaissolidaire.ch\/de\/?s={search_term_string}"},"query-input":{"@type":"PropertyValueSpecification","valueRequired":true,"valueName":"search_term_string"}}],"inLanguage":"de"},{"@type":"Organization","@id":"https:\/\/valaissolidaire.ch\/de\/#organization","name":"Valais Solidaire","url":"https:\/\/valaissolidaire.ch\/de\/","logo":{"@type":"ImageObject","inLanguage":"de","@id":"https:\/\/valaissolidaire.ch\/de\/#\/schema\/logo\/image\/","url":"https:\/\/valaissolidaire.ch\/wp-content\/uploads\/2022\/03\/Logo-2.png","contentUrl":"https:\/\/valaissolidaire.ch\/wp-content\/uploads\/2022\/03\/Logo-2.png","width":2362,"height":817,"caption":"Valais Solidaire"},"image":{"@id":"https:\/\/valaissolidaire.ch\/de\/#\/schema\/logo\/image\/"}}]}},"_links":{"self":[{"href":"https:\/\/valaissolidaire.ch\/de\/wp-json\/wp\/v2\/pages\/5809","targetHints":{"allow":["GET"]}}],"collection":[{"href":"https:\/\/valaissolidaire.ch\/de\/wp-json\/wp\/v2\/pages"}],"about":[{"href":"https:\/\/valaissolidaire.ch\/de\/wp-json\/wp\/v2\/types\/page"}],"author":[{"embeddable":true,"href":"https:\/\/valaissolidaire.ch\/de\/wp-json\/wp\/v2\/users\/1"}],"replies":[{"embeddable":true,"href":"https:\/\/valaissolidaire.ch\/de\/wp-json\/wp\/v2\/comments?post=5809"}],"version-history":[{"count":25,"href":"https:\/\/valaissolidaire.ch\/de\/wp-json\/wp\/v2\/pages\/5809\/revisions"}],"predecessor-version":[{"id":6995,"href":"https:\/\/valaissolidaire.ch\/de\/wp-json\/wp\/v2\/pages\/5809\/revisions\/6995"}],"up":[{"embeddable":true,"href":"https:\/\/valaissolidaire.ch\/de\/wp-json\/wp\/v2\/pages\/5787"}],"wp:attachment":[{"href":"https:\/\/valaissolidaire.ch\/de\/wp-json\/wp\/v2\/media?parent=5809"}],"curies":[{"name":"wp","href":"https:\/\/api.w.org\/{rel}","templated":true}]}}