{"id":5773,"date":"2022-08-23T16:40:40","date_gmt":"2022-08-23T14:40:40","guid":{"rendered":"https:\/\/valaissolidaire.ch\/federeso\/"},"modified":"2024-04-08T16:24:33","modified_gmt":"2024-04-08T14:24:33","slug":"federeso","status":"publish","type":"page","link":"https:\/\/valaissolidaire.ch\/de\/partnerschaften\/federeso\/","title":{"rendered":"FEDERESO"},"content":{"rendered":"\t\t<div data-elementor-type=\"wp-page\" data-elementor-id=\"5773\" class=\"elementor elementor-5773 elementor-3276\" data-elementor-post-type=\"page\">\n\t\t\t\t\t\t<section class=\"elementor-section elementor-top-section elementor-element elementor-element-94529f2 elementor-section-stretched elementor-section-boxed elementor-section-height-default elementor-section-height-default\" data-id=\"94529f2\" data-element_type=\"section\" data-settings=\"{&quot;stretch_section&quot;:&quot;section-stretched&quot;,&quot;background_background&quot;:&quot;classic&quot;}\">\n\t\t\t\t\t\t\t<div class=\"elementor-background-overlay\"><\/div>\n\t\t\t\t\t\t\t<div class=\"elementor-container elementor-column-gap-default\">\n\t\t\t\t\t<div class=\"elementor-column elementor-col-100 elementor-top-column elementor-element elementor-element-d907356\" data-id=\"d907356\" data-element_type=\"column\">\n\t\t\t<div class=\"elementor-widget-wrap elementor-element-populated\">\n\t\t\t\t\t\t<div class=\"elementor-element elementor-element-0666d6e elementor-widget elementor-widget-spacer\" data-id=\"0666d6e\" data-element_type=\"widget\" data-widget_type=\"spacer.default\">\n\t\t\t\t<div class=\"elementor-widget-container\">\n\t\t\t\t\t\t\t<div class=\"elementor-spacer\">\n\t\t\t<div class=\"elementor-spacer-inner\"><\/div>\n\t\t<\/div>\n\t\t\t\t\t\t<\/div>\n\t\t\t\t<\/div>\n\t\t\t\t<div class=\"elementor-element elementor-element-d195382 elementor-widget elementor-widget-heading\" data-id=\"d195382\" data-element_type=\"widget\" data-widget_type=\"heading.default\">\n\t\t\t\t<div class=\"elementor-widget-container\">\n\t\t\t\t\t<h1 class=\"elementor-heading-title elementor-size-default\">FEDERESO<\/h1>\t\t\t\t<\/div>\n\t\t\t\t<\/div>\n\t\t\t\t<div class=\"elementor-element elementor-element-c978a77 elementor-widget elementor-widget-spacer\" data-id=\"c978a77\" data-element_type=\"widget\" data-widget_type=\"spacer.default\">\n\t\t\t\t<div class=\"elementor-widget-container\">\n\t\t\t\t\t\t\t<div class=\"elementor-spacer\">\n\t\t\t<div class=\"elementor-spacer-inner\"><\/div>\n\t\t<\/div>\n\t\t\t\t\t\t<\/div>\n\t\t\t\t<\/div>\n\t\t\t\t\t<\/div>\n\t\t<\/div>\n\t\t\t\t\t<\/div>\n\t\t<\/section>\n\t\t\t\t<section class=\"elementor-section elementor-top-section elementor-element elementor-element-dda4ad7 elementor-section-boxed elementor-section-height-default elementor-section-height-default\" data-id=\"dda4ad7\" data-element_type=\"section\">\n\t\t\t\t\t\t<div class=\"elementor-container elementor-column-gap-default\">\n\t\t\t\t\t<div class=\"elementor-column elementor-col-100 elementor-top-column elementor-element elementor-element-bec039f\" data-id=\"bec039f\" data-element_type=\"column\">\n\t\t\t<div class=\"elementor-widget-wrap elementor-element-populated\">\n\t\t\t\t\t\t<section class=\"elementor-section elementor-inner-section elementor-element elementor-element-369d481 elementor-section-boxed elementor-section-height-default elementor-section-height-default\" data-id=\"369d481\" data-element_type=\"section\">\n\t\t\t\t\t\t<div class=\"elementor-container elementor-column-gap-default\">\n\t\t\t\t\t<div class=\"elementor-column elementor-col-100 elementor-inner-column elementor-element elementor-element-26b7a01\" data-id=\"26b7a01\" data-element_type=\"column\">\n\t\t\t<div class=\"elementor-widget-wrap elementor-element-populated\">\n\t\t\t\t\t\t<div class=\"elementor-element elementor-element-361b0f7 elementor-widget elementor-widget-image\" data-id=\"361b0f7\" data-element_type=\"widget\" data-widget_type=\"image.default\">\n\t\t\t\t<div class=\"elementor-widget-container\">\n\t\t\t\t\t\t\t\t\t\t\t\t\t\t\t\t<a href=\"https:\/\/federeso.ch\/\" target=\"_blank\">\n\t\t\t\t\t\t\t<img fetchpriority=\"high\" decoding=\"async\" width=\"336\" height=\"277\" src=\"https:\/\/valaissolidaire.ch\/wp-content\/uploads\/2023\/10\/FEDERESO-Logo-couleur-F.png\" class=\"attachment-large size-large wp-image-5641\" alt=\"\" srcset=\"https:\/\/valaissolidaire.ch\/wp-content\/uploads\/2023\/10\/FEDERESO-Logo-couleur-F.png 336w, https:\/\/valaissolidaire.ch\/wp-content\/uploads\/2023\/10\/FEDERESO-Logo-couleur-F-300x247.png 300w\" sizes=\"(max-width: 336px) 100vw, 336px\" \/>\t\t\t\t\t\t\t\t<\/a>\n\t\t\t\t\t\t\t\t\t\t\t\t\t\t\t<\/div>\n\t\t\t\t<\/div>\n\t\t\t\t<div class=\"elementor-element elementor-element-b7630d7 elementor-widget elementor-widget-text-editor\" data-id=\"b7630d7\" data-element_type=\"widget\" data-widget_type=\"text-editor.default\">\n\t\t\t\t<div class=\"elementor-widget-container\">\n\t\t\t\t\t\t\t\t\t<p>Seit 2005 ist Solidarisches Wallis Teil des breiteren Netzwerks der kantonalen Verb\u00e4nde f\u00fcr internationale Zusammenarbeit, FEDERESO. Dieses ist eine Plattform f\u00fcr Austausch und kollektive Reflexion und f\u00fchrt gemeinsame strategische Baustellen der franz\u00f6sisch- und italienisch-sprachigen Verb\u00e4nde durch (z. B. Qualit\u00e4tsstandards, Verhaltenskodex usw.).<\/p>\n<p>Mitglieder:<\/p>\n<ul>\n<li><a href=\"https:\/\/www.fedevaco.ch\/\"><strong>FEDEVACO<\/strong><\/a>, Waadtl\u00e4nder Verband f\u00fcr Kooperation (jeweils mit Link zur Website).<\/li>\n<li><a href=\"https:\/\/www.fgc.ch\/\"><strong>FGC<\/strong><\/a>, F\u00e9d\u00e9ration genevoise de coop\u00e9ration (Genfer Verband f\u00fcr Zusammenarbeit).<\/li>\n<li><strong><a href=\"https:\/\/ficd.ch\/\">FICD<\/a><\/strong>, Interjurassische F\u00f6deration f\u00fcr Zusammenarbeit und Entwicklung.<\/li>\n<li><a href=\"https:\/\/www.fosit.ch\/\"><strong>FOSIT<\/strong><\/a>, Verband der NGOs der italienischen Schweiz<\/li>\n<li><a href=\"https:\/\/www.fribourg-solidaire.ch\/\"><strong>Fribourg-Solidaire<\/strong><\/a>, Freiburger Verband f\u00fcr internationale Zusammenarbeit<\/li>\n<li><a href=\"https:\/\/www.latitude21.ch\/\"><strong>Latitude 21<\/strong><\/a>, Neuenburger Verband f\u00fcr Entwicklungszusammenarbeit<\/li>\n<li><a href=\"https:\/\/valaissolidaire.ch\/de\/\"><strong>Valais Solidaire<\/strong><\/a>, Walliser Verband f\u00fcr Entwicklungszusammenarbeit.<\/li>\n<\/ul>\n\t\t\t\t\t\t\t\t<\/div>\n\t\t\t\t<\/div>\n\t\t\t\t\t<\/div>\n\t\t<\/div>\n\t\t\t\t\t<\/div>\n\t\t<\/section>\n\t\t\t\t<div class=\"elementor-element elementor-element-10edda3 elementor-widget elementor-widget-spacer\" data-id=\"10edda3\" data-element_type=\"widget\" data-widget_type=\"spacer.default\">\n\t\t\t\t<div class=\"elementor-widget-container\">\n\t\t\t\t\t\t\t<div class=\"elementor-spacer\">\n\t\t\t<div class=\"elementor-spacer-inner\"><\/div>\n\t\t<\/div>\n\t\t\t\t\t\t<\/div>\n\t\t\t\t<\/div>\n\t\t\t\t\t<\/div>\n\t\t<\/div>\n\t\t\t\t\t<\/div>\n\t\t<\/section>\n\t\t\t\t<section class=\"elementor-section elementor-top-section elementor-element elementor-element-5219b4f elementor-section-boxed elementor-section-height-default elementor-section-height-default\" data-id=\"5219b4f\" data-element_type=\"section\">\n\t\t\t\t\t\t<div class=\"elementor-container elementor-column-gap-default\">\n\t\t\t\t\t<div class=\"elementor-column elementor-col-50 elementor-top-column elementor-element elementor-element-641c723\" data-id=\"641c723\" data-element_type=\"column\">\n\t\t\t<div class=\"elementor-widget-wrap elementor-element-populated\">\n\t\t\t\t\t\t<div class=\"elementor-element elementor-element-253c91d elementor-widget elementor-widget-image\" data-id=\"253c91d\" data-element_type=\"widget\" data-widget_type=\"image.default\">\n\t\t\t\t<div class=\"elementor-widget-container\">\n\t\t\t\t\t\t\t\t\t\t\t\t\t\t\t<img decoding=\"async\" width=\"300\" height=\"237\" data-src=\"https:\/\/valaissolidaire.ch\/wp-content\/uploads\/2023\/10\/Schema-FEDERESO-300x237.jpg\" class=\"attachment-medium size-medium wp-image-5640 lazyload\" alt=\"\" data-srcset=\"https:\/\/valaissolidaire.ch\/wp-content\/uploads\/2023\/10\/Schema-FEDERESO-300x237.jpg 300w, https:\/\/valaissolidaire.ch\/wp-content\/uploads\/2023\/10\/Schema-FEDERESO-1024x808.jpg 1024w, https:\/\/valaissolidaire.ch\/wp-content\/uploads\/2023\/10\/Schema-FEDERESO-768x606.jpg 768w, https:\/\/valaissolidaire.ch\/wp-content\/uploads\/2023\/10\/Schema-FEDERESO-1536x1212.jpg 1536w, https:\/\/valaissolidaire.ch\/wp-content\/uploads\/2023\/10\/Schema-FEDERESO.jpg 1686w\" data-sizes=\"(max-width: 300px) 100vw, 300px\" src=\"data:image\/svg+xml;base64,PHN2ZyB3aWR0aD0iMSIgaGVpZ2h0PSIxIiB4bWxucz0iaHR0cDovL3d3dy53My5vcmcvMjAwMC9zdmciPjwvc3ZnPg==\" style=\"--smush-placeholder-width: 300px; --smush-placeholder-aspect-ratio: 300\/237;\" \/>\t\t\t\t\t\t\t\t\t\t\t\t\t\t\t<\/div>\n\t\t\t\t<\/div>\n\t\t\t\t\t<\/div>\n\t\t<\/div>\n\t\t\t\t<div class=\"elementor-column elementor-col-50 elementor-top-column elementor-element elementor-element-725808b\" data-id=\"725808b\" data-element_type=\"column\">\n\t\t\t<div class=\"elementor-widget-wrap elementor-element-populated\">\n\t\t\t\t\t\t<div class=\"elementor-element elementor-element-2a25695 elementor-widget elementor-widget-image\" data-id=\"2a25695\" data-element_type=\"widget\" data-widget_type=\"image.default\">\n\t\t\t\t<div class=\"elementor-widget-container\">\n\t\t\t\t\t\t\t\t\t\t\t\t\t\t\t\t<a href=\"https:\/\/valaissolidaire.ch\/wp-content\/uploads\/2022\/08\/FEDERESO-Leporello-F-2022.pdf\">\n\t\t\t\t\t\t\t<img decoding=\"async\" width=\"300\" height=\"183\" data-src=\"https:\/\/valaissolidaire.ch\/wp-content\/uploads\/2022\/08\/Capture-decran-2022-08-23-a-17.03.15-300x183.png\" class=\"attachment-medium size-medium wp-image-5486 lazyload\" alt=\"\" data-srcset=\"https:\/\/valaissolidaire.ch\/wp-content\/uploads\/2022\/08\/Capture-decran-2022-08-23-a-17.03.15-300x183.png 300w, https:\/\/valaissolidaire.ch\/wp-content\/uploads\/2022\/08\/Capture-decran-2022-08-23-a-17.03.15-1024x626.png 1024w, https:\/\/valaissolidaire.ch\/wp-content\/uploads\/2022\/08\/Capture-decran-2022-08-23-a-17.03.15-768x469.png 768w, https:\/\/valaissolidaire.ch\/wp-content\/uploads\/2022\/08\/Capture-decran-2022-08-23-a-17.03.15.png 1185w\" data-sizes=\"(max-width: 300px) 100vw, 300px\" src=\"data:image\/svg+xml;base64,PHN2ZyB3aWR0aD0iMSIgaGVpZ2h0PSIxIiB4bWxucz0iaHR0cDovL3d3dy53My5vcmcvMjAwMC9zdmciPjwvc3ZnPg==\" style=\"--smush-placeholder-width: 300px; --smush-placeholder-aspect-ratio: 300\/183;\" \/>\t\t\t\t\t\t\t\t<\/a>\n\t\t\t\t\t\t\t\t\t\t\t\t\t\t\t<\/div>\n\t\t\t\t<\/div>\n\t\t\t\t\t<\/div>\n\t\t<\/div>\n\t\t\t\t\t<\/div>\n\t\t<\/section>\n\t\t\t\t<section class=\"elementor-section elementor-top-section elementor-element elementor-element-73f341c elementor-section-boxed elementor-section-height-default elementor-section-height-default\" data-id=\"73f341c\" data-element_type=\"section\">\n\t\t\t\t\t\t<div class=\"elementor-container elementor-column-gap-default\">\n\t\t\t\t\t<div class=\"elementor-column elementor-col-100 elementor-top-column elementor-element elementor-element-56e8878\" data-id=\"56e8878\" data-element_type=\"column\">\n\t\t\t<div class=\"elementor-widget-wrap elementor-element-populated\">\n\t\t\t\t\t\t<div class=\"elementor-element elementor-element-637e8ee elementor-widget elementor-widget-spacer\" data-id=\"637e8ee\" data-element_type=\"widget\" data-widget_type=\"spacer.default\">\n\t\t\t\t<div class=\"elementor-widget-container\">\n\t\t\t\t\t\t\t<div class=\"elementor-spacer\">\n\t\t\t<div class=\"elementor-spacer-inner\"><\/div>\n\t\t<\/div>\n\t\t\t\t\t\t<\/div>\n\t\t\t\t<\/div>\n\t\t\t\t\t<\/div>\n\t\t<\/div>\n\t\t\t\t\t<\/div>\n\t\t<\/section>\n\t\t\t\t<\/div>\n\t\t","protected":false},"excerpt":{"rendered":"<p>FEDERESO Seit 2005 ist Solidarisches Wallis Teil des breiteren Netzwerks der kantonalen Verb\u00e4nde f\u00fcr internationale Zusammenarbeit, FEDERESO. Dieses ist eine Plattform f\u00fcr Austausch und kollektive Reflexion und f\u00fchrt gemeinsame strategische Baustellen der franz\u00f6sisch- und italienisch-sprachigen Verb\u00e4nde durch (z. B. Qualit\u00e4tsstandards, Verhaltenskodex usw.). Mitglieder: FEDEVACO, Waadtl\u00e4nder Verband f\u00fcr Kooperation (jeweils mit Link zur Website). FGC, F\u00e9d\u00e9ration [&hellip;]<\/p>\n","protected":false},"author":4,"featured_media":0,"parent":5819,"menu_order":1,"comment_status":"closed","ping_status":"closed","template":"","meta":{"ocean_post_layout":"","ocean_both_sidebars_style":"","ocean_both_sidebars_content_width":0,"ocean_both_sidebars_sidebars_width":0,"ocean_sidebar":"0","ocean_second_sidebar":"0","ocean_disable_margins":"on","ocean_add_body_class":"","ocean_shortcode_before_top_bar":"","ocean_shortcode_after_top_bar":"","ocean_shortcode_before_header":"","ocean_shortcode_after_header":"","ocean_has_shortcode":"","ocean_shortcode_after_title":"","ocean_shortcode_before_footer_widgets":"","ocean_shortcode_after_footer_widgets":"","ocean_shortcode_before_footer_bottom":"","ocean_shortcode_after_footer_bottom":"","ocean_display_top_bar":"default","ocean_display_header":"default","ocean_header_style":"","ocean_center_header_left_menu":"0","ocean_custom_header_template":"0","ocean_custom_logo":0,"ocean_custom_retina_logo":0,"ocean_custom_logo_max_width":0,"ocean_custom_logo_tablet_max_width":0,"ocean_custom_logo_mobile_max_width":0,"ocean_custom_logo_max_height":0,"ocean_custom_logo_tablet_max_height":0,"ocean_custom_logo_mobile_max_height":0,"ocean_header_custom_menu":"0","ocean_menu_typo_font_family":"0","ocean_menu_typo_font_subset":"","ocean_menu_typo_font_size":0,"ocean_menu_typo_font_size_tablet":0,"ocean_menu_typo_font_size_mobile":0,"ocean_menu_typo_font_size_unit":"px","ocean_menu_typo_font_weight":"","ocean_menu_typo_font_weight_tablet":"","ocean_menu_typo_font_weight_mobile":"","ocean_menu_typo_transform":"","ocean_menu_typo_transform_tablet":"","ocean_menu_typo_transform_mobile":"","ocean_menu_typo_line_height":0,"ocean_menu_typo_line_height_tablet":0,"ocean_menu_typo_line_height_mobile":0,"ocean_menu_typo_line_height_unit":"","ocean_menu_typo_spacing":0,"ocean_menu_typo_spacing_tablet":0,"ocean_menu_typo_spacing_mobile":0,"ocean_menu_typo_spacing_unit":"","ocean_menu_link_color":"","ocean_menu_link_color_hover":"","ocean_menu_link_color_active":"","ocean_menu_link_background":"","ocean_menu_link_hover_background":"","ocean_menu_link_active_background":"","ocean_menu_social_links_bg":"","ocean_menu_social_hover_links_bg":"","ocean_menu_social_links_color":"","ocean_menu_social_hover_links_color":"","ocean_disable_title":"default","ocean_disable_heading":"default","ocean_post_title":"","ocean_post_subheading":"","ocean_post_title_style":"","ocean_post_title_background_color":"","ocean_post_title_background":0,"ocean_post_title_bg_image_position":"","ocean_post_title_bg_image_attachment":"","ocean_post_title_bg_image_repeat":"","ocean_post_title_bg_image_size":"","ocean_post_title_height":0,"ocean_post_title_bg_overlay":0.5,"ocean_post_title_bg_overlay_color":"","ocean_disable_breadcrumbs":"default","ocean_breadcrumbs_color":"","ocean_breadcrumbs_separator_color":"","ocean_breadcrumbs_links_color":"","ocean_breadcrumbs_links_hover_color":"","ocean_display_footer_widgets":"default","ocean_display_footer_bottom":"default","ocean_custom_footer_template":"0","osh_disable_topbar_sticky":"default","osh_disable_header_sticky":"default","osh_sticky_header_style":"default","osh_sticky_header_effect":"","osh_custom_sticky_logo":0,"osh_custom_retina_sticky_logo":0,"osh_custom_sticky_logo_height":0,"osh_background_color":"","osh_links_color":"","osh_links_hover_color":"","osh_links_active_color":"","osh_links_bg_color":"","osh_links_hover_bg_color":"","osh_links_active_bg_color":"","osh_menu_social_links_color":"","osh_menu_social_hover_links_color":"","footnotes":""},"class_list":["post-5773","page","type-page","status-publish","hentry","entry"],"yoast_head":"<!-- This site is optimized with the Yoast SEO plugin v26.7 - https:\/\/yoast.com\/wordpress\/plugins\/seo\/ -->\n<title>FEDERESO - Valais Solidaire<\/title>\n<meta name=\"robots\" content=\"index, follow, max-snippet:-1, max-image-preview:large, max-video-preview:-1\" \/>\n<link rel=\"canonical\" href=\"https:\/\/valaissolidaire.ch\/de\/partnerschaften\/federeso\/\" \/>\n<meta property=\"og:locale\" content=\"de_DE\" \/>\n<meta property=\"og:type\" content=\"article\" \/>\n<meta property=\"og:title\" content=\"FEDERESO - Valais Solidaire\" \/>\n<meta property=\"og:description\" content=\"FEDERESO Seit 2005 ist Solidarisches Wallis Teil des breiteren Netzwerks der kantonalen Verb\u00e4nde f\u00fcr internationale Zusammenarbeit, FEDERESO. Dieses ist eine Plattform f\u00fcr Austausch und kollektive Reflexion und f\u00fchrt gemeinsame strategische Baustellen der franz\u00f6sisch- und italienisch-sprachigen Verb\u00e4nde durch (z. B. Qualit\u00e4tsstandards, Verhaltenskodex usw.). Mitglieder: FEDEVACO, Waadtl\u00e4nder Verband f\u00fcr Kooperation (jeweils mit Link zur Website). FGC, F\u00e9d\u00e9ration [&hellip;]\" \/>\n<meta property=\"og:url\" content=\"https:\/\/valaissolidaire.ch\/de\/partnerschaften\/federeso\/\" \/>\n<meta property=\"og:site_name\" content=\"Valais Solidaire\" \/>\n<meta property=\"article:modified_time\" content=\"2024-04-08T14:24:33+00:00\" \/>\n<meta property=\"og:image\" content=\"https:\/\/valaissolidaire.ch\/wp-content\/uploads\/2023\/10\/FEDERESO-Logo-couleur-F.png\" \/>\n<meta name=\"twitter:card\" content=\"summary_large_image\" \/>\n<meta name=\"twitter:label1\" content=\"Gesch\u00e4tzte Lesezeit\" \/>\n\t<meta name=\"twitter:data1\" content=\"1\u00a0Minute\" \/>\n<script type=\"application\/ld+json\" class=\"yoast-schema-graph\">{\"@context\":\"https:\/\/schema.org\",\"@graph\":[{\"@type\":\"WebPage\",\"@id\":\"https:\/\/valaissolidaire.ch\/de\/partnerschaften\/federeso\/\",\"url\":\"https:\/\/valaissolidaire.ch\/de\/partnerschaften\/federeso\/\",\"name\":\"FEDERESO - Valais Solidaire\",\"isPartOf\":{\"@id\":\"https:\/\/valaissolidaire.ch\/de\/#website\"},\"primaryImageOfPage\":{\"@id\":\"https:\/\/valaissolidaire.ch\/de\/partnerschaften\/federeso\/#primaryimage\"},\"image\":{\"@id\":\"https:\/\/valaissolidaire.ch\/de\/partnerschaften\/federeso\/#primaryimage\"},\"thumbnailUrl\":\"https:\/\/valaissolidaire.ch\/wp-content\/uploads\/2023\/10\/FEDERESO-Logo-couleur-F.png\",\"datePublished\":\"2022-08-23T14:40:40+00:00\",\"dateModified\":\"2024-04-08T14:24:33+00:00\",\"breadcrumb\":{\"@id\":\"https:\/\/valaissolidaire.ch\/de\/partnerschaften\/federeso\/#breadcrumb\"},\"inLanguage\":\"de\",\"potentialAction\":[{\"@type\":\"ReadAction\",\"target\":[\"https:\/\/valaissolidaire.ch\/de\/partnerschaften\/federeso\/\"]}]},{\"@type\":\"ImageObject\",\"inLanguage\":\"de\",\"@id\":\"https:\/\/valaissolidaire.ch\/de\/partnerschaften\/federeso\/#primaryimage\",\"url\":\"https:\/\/valaissolidaire.ch\/wp-content\/uploads\/2023\/10\/FEDERESO-Logo-couleur-F.png\",\"contentUrl\":\"https:\/\/valaissolidaire.ch\/wp-content\/uploads\/2023\/10\/FEDERESO-Logo-couleur-F.png\"},{\"@type\":\"BreadcrumbList\",\"@id\":\"https:\/\/valaissolidaire.ch\/de\/partnerschaften\/federeso\/#breadcrumb\",\"itemListElement\":[{\"@type\":\"ListItem\",\"position\":1,\"name\":\"Accueil\",\"item\":\"https:\/\/valaissolidaire.ch\/de\/home\/\"},{\"@type\":\"ListItem\",\"position\":2,\"name\":\"Partnerschaften\",\"item\":\"https:\/\/valaissolidaire.ch\/de\/partnerschaften\/\"},{\"@type\":\"ListItem\",\"position\":3,\"name\":\"FEDERESO\"}]},{\"@type\":\"WebSite\",\"@id\":\"https:\/\/valaissolidaire.ch\/de\/#website\",\"url\":\"https:\/\/valaissolidaire.ch\/de\/\",\"name\":\"Valais Solidaire\",\"description\":\"\",\"publisher\":{\"@id\":\"https:\/\/valaissolidaire.ch\/de\/#organization\"},\"potentialAction\":[{\"@type\":\"SearchAction\",\"target\":{\"@type\":\"EntryPoint\",\"urlTemplate\":\"https:\/\/valaissolidaire.ch\/de\/?s={search_term_string}\"},\"query-input\":{\"@type\":\"PropertyValueSpecification\",\"valueRequired\":true,\"valueName\":\"search_term_string\"}}],\"inLanguage\":\"de\"},{\"@type\":\"Organization\",\"@id\":\"https:\/\/valaissolidaire.ch\/de\/#organization\",\"name\":\"Valais Solidaire\",\"url\":\"https:\/\/valaissolidaire.ch\/de\/\",\"logo\":{\"@type\":\"ImageObject\",\"inLanguage\":\"de\",\"@id\":\"https:\/\/valaissolidaire.ch\/de\/#\/schema\/logo\/image\/\",\"url\":\"https:\/\/valaissolidaire.ch\/wp-content\/uploads\/2022\/03\/Logo-2.png\",\"contentUrl\":\"https:\/\/valaissolidaire.ch\/wp-content\/uploads\/2022\/03\/Logo-2.png\",\"width\":2362,\"height\":817,\"caption\":\"Valais Solidaire\"},\"image\":{\"@id\":\"https:\/\/valaissolidaire.ch\/de\/#\/schema\/logo\/image\/\"}}]}<\/script>\n<!-- \/ Yoast SEO plugin. -->","yoast_head_json":{"title":"FEDERESO - Valais Solidaire","robots":{"index":"index","follow":"follow","max-snippet":"max-snippet:-1","max-image-preview":"max-image-preview:large","max-video-preview":"max-video-preview:-1"},"canonical":"https:\/\/valaissolidaire.ch\/de\/partnerschaften\/federeso\/","og_locale":"de_DE","og_type":"article","og_title":"FEDERESO - Valais Solidaire","og_description":"FEDERESO Seit 2005 ist Solidarisches Wallis Teil des breiteren Netzwerks der kantonalen Verb\u00e4nde f\u00fcr internationale Zusammenarbeit, FEDERESO. Dieses ist eine Plattform f\u00fcr Austausch und kollektive Reflexion und f\u00fchrt gemeinsame strategische Baustellen der franz\u00f6sisch- und italienisch-sprachigen Verb\u00e4nde durch (z. B. Qualit\u00e4tsstandards, Verhaltenskodex usw.). Mitglieder: FEDEVACO, Waadtl\u00e4nder Verband f\u00fcr Kooperation (jeweils mit Link zur Website). FGC, F\u00e9d\u00e9ration [&hellip;]","og_url":"https:\/\/valaissolidaire.ch\/de\/partnerschaften\/federeso\/","og_site_name":"Valais Solidaire","article_modified_time":"2024-04-08T14:24:33+00:00","og_image":[{"url":"https:\/\/valaissolidaire.ch\/wp-content\/uploads\/2023\/10\/FEDERESO-Logo-couleur-F.png","type":"","width":"","height":""}],"twitter_card":"summary_large_image","twitter_misc":{"Gesch\u00e4tzte Lesezeit":"1\u00a0Minute"},"schema":{"@context":"https:\/\/schema.org","@graph":[{"@type":"WebPage","@id":"https:\/\/valaissolidaire.ch\/de\/partnerschaften\/federeso\/","url":"https:\/\/valaissolidaire.ch\/de\/partnerschaften\/federeso\/","name":"FEDERESO - Valais Solidaire","isPartOf":{"@id":"https:\/\/valaissolidaire.ch\/de\/#website"},"primaryImageOfPage":{"@id":"https:\/\/valaissolidaire.ch\/de\/partnerschaften\/federeso\/#primaryimage"},"image":{"@id":"https:\/\/valaissolidaire.ch\/de\/partnerschaften\/federeso\/#primaryimage"},"thumbnailUrl":"https:\/\/valaissolidaire.ch\/wp-content\/uploads\/2023\/10\/FEDERESO-Logo-couleur-F.png","datePublished":"2022-08-23T14:40:40+00:00","dateModified":"2024-04-08T14:24:33+00:00","breadcrumb":{"@id":"https:\/\/valaissolidaire.ch\/de\/partnerschaften\/federeso\/#breadcrumb"},"inLanguage":"de","potentialAction":[{"@type":"ReadAction","target":["https:\/\/valaissolidaire.ch\/de\/partnerschaften\/federeso\/"]}]},{"@type":"ImageObject","inLanguage":"de","@id":"https:\/\/valaissolidaire.ch\/de\/partnerschaften\/federeso\/#primaryimage","url":"https:\/\/valaissolidaire.ch\/wp-content\/uploads\/2023\/10\/FEDERESO-Logo-couleur-F.png","contentUrl":"https:\/\/valaissolidaire.ch\/wp-content\/uploads\/2023\/10\/FEDERESO-Logo-couleur-F.png"},{"@type":"BreadcrumbList","@id":"https:\/\/valaissolidaire.ch\/de\/partnerschaften\/federeso\/#breadcrumb","itemListElement":[{"@type":"ListItem","position":1,"name":"Accueil","item":"https:\/\/valaissolidaire.ch\/de\/home\/"},{"@type":"ListItem","position":2,"name":"Partnerschaften","item":"https:\/\/valaissolidaire.ch\/de\/partnerschaften\/"},{"@type":"ListItem","position":3,"name":"FEDERESO"}]},{"@type":"WebSite","@id":"https:\/\/valaissolidaire.ch\/de\/#website","url":"https:\/\/valaissolidaire.ch\/de\/","name":"Valais Solidaire","description":"","publisher":{"@id":"https:\/\/valaissolidaire.ch\/de\/#organization"},"potentialAction":[{"@type":"SearchAction","target":{"@type":"EntryPoint","urlTemplate":"https:\/\/valaissolidaire.ch\/de\/?s={search_term_string}"},"query-input":{"@type":"PropertyValueSpecification","valueRequired":true,"valueName":"search_term_string"}}],"inLanguage":"de"},{"@type":"Organization","@id":"https:\/\/valaissolidaire.ch\/de\/#organization","name":"Valais Solidaire","url":"https:\/\/valaissolidaire.ch\/de\/","logo":{"@type":"ImageObject","inLanguage":"de","@id":"https:\/\/valaissolidaire.ch\/de\/#\/schema\/logo\/image\/","url":"https:\/\/valaissolidaire.ch\/wp-content\/uploads\/2022\/03\/Logo-2.png","contentUrl":"https:\/\/valaissolidaire.ch\/wp-content\/uploads\/2022\/03\/Logo-2.png","width":2362,"height":817,"caption":"Valais Solidaire"},"image":{"@id":"https:\/\/valaissolidaire.ch\/de\/#\/schema\/logo\/image\/"}}]}},"_links":{"self":[{"href":"https:\/\/valaissolidaire.ch\/de\/wp-json\/wp\/v2\/pages\/5773","targetHints":{"allow":["GET"]}}],"collection":[{"href":"https:\/\/valaissolidaire.ch\/de\/wp-json\/wp\/v2\/pages"}],"about":[{"href":"https:\/\/valaissolidaire.ch\/de\/wp-json\/wp\/v2\/types\/page"}],"author":[{"embeddable":true,"href":"https:\/\/valaissolidaire.ch\/de\/wp-json\/wp\/v2\/users\/4"}],"replies":[{"embeddable":true,"href":"https:\/\/valaissolidaire.ch\/de\/wp-json\/wp\/v2\/comments?post=5773"}],"version-history":[{"count":3,"href":"https:\/\/valaissolidaire.ch\/de\/wp-json\/wp\/v2\/pages\/5773\/revisions"}],"predecessor-version":[{"id":5790,"href":"https:\/\/valaissolidaire.ch\/de\/wp-json\/wp\/v2\/pages\/5773\/revisions\/5790"}],"up":[{"embeddable":true,"href":"https:\/\/valaissolidaire.ch\/de\/wp-json\/wp\/v2\/pages\/5819"}],"wp:attachment":[{"href":"https:\/\/valaissolidaire.ch\/de\/wp-json\/wp\/v2\/media?parent=5773"}],"curies":[{"name":"wp","href":"https:\/\/api.w.org\/{rel}","templated":true}]}}