{"id":5769,"date":"2022-10-14T13:02:41","date_gmt":"2022-10-14T11:02:41","guid":{"rendered":"https:\/\/valaissolidaire.ch\/staatenbund\/"},"modified":"2024-04-08T16:24:33","modified_gmt":"2024-04-08T14:24:33","slug":"staatenbund","status":"publish","type":"page","link":"https:\/\/valaissolidaire.ch\/de\/partnerschaften\/staatenbund\/","title":{"rendered":"Staatenbund"},"content":{"rendered":"\t\t<div data-elementor-type=\"wp-page\" data-elementor-id=\"5769\" class=\"elementor elementor-5769 elementor-3513\" data-elementor-post-type=\"page\">\n\t\t\t\t\t\t<section class=\"elementor-section elementor-top-section elementor-element elementor-element-94529f2 elementor-section-stretched elementor-section-boxed elementor-section-height-default elementor-section-height-default\" data-id=\"94529f2\" data-element_type=\"section\" data-settings=\"{&quot;stretch_section&quot;:&quot;section-stretched&quot;,&quot;background_background&quot;:&quot;classic&quot;}\">\n\t\t\t\t\t\t\t<div class=\"elementor-background-overlay\"><\/div>\n\t\t\t\t\t\t\t<div class=\"elementor-container elementor-column-gap-default\">\n\t\t\t\t\t<div class=\"elementor-column elementor-col-100 elementor-top-column elementor-element elementor-element-d907356\" data-id=\"d907356\" data-element_type=\"column\">\n\t\t\t<div class=\"elementor-widget-wrap elementor-element-populated\">\n\t\t\t\t\t\t<div class=\"elementor-element elementor-element-0666d6e elementor-widget elementor-widget-spacer\" data-id=\"0666d6e\" data-element_type=\"widget\" data-widget_type=\"spacer.default\">\n\t\t\t\t<div class=\"elementor-widget-container\">\n\t\t\t\t\t\t\t<div class=\"elementor-spacer\">\n\t\t\t<div class=\"elementor-spacer-inner\"><\/div>\n\t\t<\/div>\n\t\t\t\t\t\t<\/div>\n\t\t\t\t<\/div>\n\t\t\t\t<div class=\"elementor-element elementor-element-d195382 elementor-widget elementor-widget-heading\" data-id=\"d195382\" data-element_type=\"widget\" data-widget_type=\"heading.default\">\n\t\t\t\t<div class=\"elementor-widget-container\">\n\t\t\t\t\t<h1 class=\"elementor-heading-title elementor-size-default\">Staatenbund<\/h1>\t\t\t\t<\/div>\n\t\t\t\t<\/div>\n\t\t\t\t<div class=\"elementor-element elementor-element-c978a77 elementor-widget elementor-widget-spacer\" data-id=\"c978a77\" data-element_type=\"widget\" data-widget_type=\"spacer.default\">\n\t\t\t\t<div class=\"elementor-widget-container\">\n\t\t\t\t\t\t\t<div class=\"elementor-spacer\">\n\t\t\t<div class=\"elementor-spacer-inner\"><\/div>\n\t\t<\/div>\n\t\t\t\t\t\t<\/div>\n\t\t\t\t<\/div>\n\t\t\t\t\t<\/div>\n\t\t<\/div>\n\t\t\t\t\t<\/div>\n\t\t<\/section>\n\t\t\t\t<section class=\"elementor-section elementor-top-section elementor-element elementor-element-dda4ad7 elementor-section-boxed elementor-section-height-default elementor-section-height-default\" data-id=\"dda4ad7\" data-element_type=\"section\">\n\t\t\t\t\t\t<div class=\"elementor-container elementor-column-gap-default\">\n\t\t\t\t\t<div class=\"elementor-column elementor-col-100 elementor-top-column elementor-element elementor-element-bec039f\" data-id=\"bec039f\" data-element_type=\"column\">\n\t\t\t<div class=\"elementor-widget-wrap elementor-element-populated\">\n\t\t\t\t\t\t<div class=\"elementor-element elementor-element-637e8ee elementor-widget elementor-widget-spacer\" data-id=\"637e8ee\" data-element_type=\"widget\" data-widget_type=\"spacer.default\">\n\t\t\t\t<div class=\"elementor-widget-container\">\n\t\t\t\t\t\t\t<div class=\"elementor-spacer\">\n\t\t\t<div class=\"elementor-spacer-inner\"><\/div>\n\t\t<\/div>\n\t\t\t\t\t\t<\/div>\n\t\t\t\t<\/div>\n\t\t\t\t\t<\/div>\n\t\t<\/div>\n\t\t\t\t\t<\/div>\n\t\t<\/section>\n\t\t\t\t<section class=\"elementor-section elementor-top-section elementor-element elementor-element-ed10209 elementor-section-boxed elementor-section-height-default elementor-section-height-default\" data-id=\"ed10209\" data-element_type=\"section\">\n\t\t\t\t\t\t<div class=\"elementor-container elementor-column-gap-default\">\n\t\t\t\t\t<div class=\"elementor-column elementor-col-50 elementor-top-column elementor-element elementor-element-82216c2\" data-id=\"82216c2\" data-element_type=\"column\">\n\t\t\t<div class=\"elementor-widget-wrap elementor-element-populated\">\n\t\t\t\t\t\t<div class=\"elementor-element elementor-element-c48c226 elementor-widget elementor-widget-heading\" data-id=\"c48c226\" data-element_type=\"widget\" data-widget_type=\"heading.default\">\n\t\t\t\t<div class=\"elementor-widget-container\">\n\t\t\t\t\t<h2 class=\"elementor-heading-title elementor-size-default\">Direktion f\u00fcr Entwicklung und Zusammenarbeit<\/h2>\t\t\t\t<\/div>\n\t\t\t\t<\/div>\n\t\t\t\t\t<\/div>\n\t\t<\/div>\n\t\t\t\t<div class=\"elementor-column elementor-col-50 elementor-top-column elementor-element elementor-element-4b9ffe3\" data-id=\"4b9ffe3\" data-element_type=\"column\">\n\t\t\t<div class=\"elementor-widget-wrap\">\n\t\t\t\t\t\t\t<\/div>\n\t\t<\/div>\n\t\t\t\t\t<\/div>\n\t\t<\/section>\n\t\t\t\t<section class=\"elementor-section elementor-top-section elementor-element elementor-element-844820d elementor-section-boxed elementor-section-height-default elementor-section-height-default\" data-id=\"844820d\" data-element_type=\"section\">\n\t\t\t\t\t\t<div class=\"elementor-container elementor-column-gap-default\">\n\t\t\t\t\t<div class=\"elementor-column elementor-col-100 elementor-top-column elementor-element elementor-element-b8d528e\" data-id=\"b8d528e\" data-element_type=\"column\">\n\t\t\t<div class=\"elementor-widget-wrap elementor-element-populated\">\n\t\t\t\t\t\t<section class=\"elementor-section elementor-inner-section elementor-element elementor-element-abbcf27 elementor-section-boxed elementor-section-height-default elementor-section-height-default\" data-id=\"abbcf27\" data-element_type=\"section\">\n\t\t\t\t\t\t<div class=\"elementor-container elementor-column-gap-default\">\n\t\t\t\t\t<div class=\"elementor-column elementor-col-100 elementor-inner-column elementor-element elementor-element-8e979d7\" data-id=\"8e979d7\" data-element_type=\"column\">\n\t\t\t<div class=\"elementor-widget-wrap elementor-element-populated\">\n\t\t\t\t\t\t<div class=\"elementor-element elementor-element-6ce2610 elementor-view-default elementor-widget elementor-widget-icon\" data-id=\"6ce2610\" data-element_type=\"widget\" data-widget_type=\"icon.default\">\n\t\t\t\t<div class=\"elementor-widget-container\">\n\t\t\t\t\t\t\t<div class=\"elementor-icon-wrapper\">\n\t\t\t<div class=\"elementor-icon\">\n\t\t\t<i aria-hidden=\"true\" class=\"fas fa-globe\"><\/i>\t\t\t<\/div>\n\t\t<\/div>\n\t\t\t\t\t\t<\/div>\n\t\t\t\t<\/div>\n\t\t\t\t<div class=\"elementor-element elementor-element-41d0043 elementor-widget elementor-widget-text-editor\" data-id=\"41d0043\" data-element_type=\"widget\" data-widget_type=\"text-editor.default\">\n\t\t\t\t<div class=\"elementor-widget-container\">\n\t\t\t\t\t\t\t\t\t<p>Solidarisches Wallis erh\u00e4lt seit 2013 einen Programmbeitrag von der Direktion f\u00fcr Entwicklung und Zusammenarbeit (DEZA), dem f\u00fcr die internationale Zusammenarbeit zust\u00e4ndigen Organ des Eidgen\u00f6ssischen Departements f\u00fcr ausw\u00e4rtige Angelegenheiten (EDA).&nbsp;<\/p>\n<p>Mit diesem Beitrag, der sich auf 200&#8217;000 Franken pro Jahr bel\u00e4uft, werden zahlreiche Aktivit\u00e4ten von Solidarisches Wallis und eine betr\u00e4chtliche Anzahl von Projekten mitfinanziert.&nbsp;<\/p>\t\t\t\t\t\t\t\t<\/div>\n\t\t\t\t<\/div>\n\t\t\t\t\t<\/div>\n\t\t<\/div>\n\t\t\t\t\t<\/div>\n\t\t<\/section>\n\t\t\t\t\t<\/div>\n\t\t<\/div>\n\t\t\t\t\t<\/div>\n\t\t<\/section>\n\t\t\t\t<section class=\"elementor-section elementor-top-section elementor-element elementor-element-042c814 elementor-section-boxed elementor-section-height-default elementor-section-height-default\" data-id=\"042c814\" data-element_type=\"section\">\n\t\t\t\t\t\t<div class=\"elementor-container elementor-column-gap-default\">\n\t\t\t\t\t<div class=\"elementor-column elementor-col-100 elementor-top-column elementor-element elementor-element-93638a2\" data-id=\"93638a2\" data-element_type=\"column\">\n\t\t\t<div class=\"elementor-widget-wrap elementor-element-populated\">\n\t\t\t\t\t\t<div class=\"elementor-element elementor-element-3e3f982 elementor-widget elementor-widget-image\" data-id=\"3e3f982\" data-element_type=\"widget\" data-widget_type=\"image.default\">\n\t\t\t\t<div class=\"elementor-widget-container\">\n\t\t\t\t\t\t\t\t\t\t\t\t\t\t\t<img decoding=\"async\" width=\"300\" height=\"73\" data-src=\"https:\/\/valaissolidaire.ch\/wp-content\/uploads\/2022\/10\/logo_ch_print-e1665745127454.jpg\" class=\"attachment-large size-large wp-image-5508 lazyload\" alt=\"\" src=\"data:image\/svg+xml;base64,PHN2ZyB3aWR0aD0iMSIgaGVpZ2h0PSIxIiB4bWxucz0iaHR0cDovL3d3dy53My5vcmcvMjAwMC9zdmciPjwvc3ZnPg==\" style=\"--smush-placeholder-width: 300px; --smush-placeholder-aspect-ratio: 300\/73;\" \/>\t\t\t\t\t\t\t\t\t\t\t\t\t\t\t<\/div>\n\t\t\t\t<\/div>\n\t\t\t\t<div class=\"elementor-element elementor-element-92b0928 elementor-widget elementor-widget-spacer\" data-id=\"92b0928\" data-element_type=\"widget\" data-widget_type=\"spacer.default\">\n\t\t\t\t<div class=\"elementor-widget-container\">\n\t\t\t\t\t\t\t<div class=\"elementor-spacer\">\n\t\t\t<div class=\"elementor-spacer-inner\"><\/div>\n\t\t<\/div>\n\t\t\t\t\t\t<\/div>\n\t\t\t\t<\/div>\n\t\t\t\t\t<\/div>\n\t\t<\/div>\n\t\t\t\t\t<\/div>\n\t\t<\/section>\n\t\t\t\t<\/div>\n\t\t","protected":false},"excerpt":{"rendered":"<p>Staatenbund Direktion f\u00fcr Entwicklung und Zusammenarbeit Solidarisches Wallis erh\u00e4lt seit 2013 einen Programmbeitrag von der Direktion f\u00fcr Entwicklung und Zusammenarbeit (DEZA), dem f\u00fcr die internationale Zusammenarbeit zust\u00e4ndigen Organ des Eidgen\u00f6ssischen Departements f\u00fcr ausw\u00e4rtige Angelegenheiten (EDA).&nbsp; Mit diesem Beitrag, der sich auf 200&#8217;000 Franken pro Jahr bel\u00e4uft, werden zahlreiche Aktivit\u00e4ten von Solidarisches Wallis und eine betr\u00e4chtliche [&hellip;]<\/p>\n","protected":false},"author":4,"featured_media":0,"parent":5819,"menu_order":2,"comment_status":"closed","ping_status":"closed","template":"","meta":{"ocean_post_layout":"","ocean_both_sidebars_style":"","ocean_both_sidebars_content_width":0,"ocean_both_sidebars_sidebars_width":0,"ocean_sidebar":"0","ocean_second_sidebar":"0","ocean_disable_margins":"on","ocean_add_body_class":"","ocean_shortcode_before_top_bar":"","ocean_shortcode_after_top_bar":"","ocean_shortcode_before_header":"","ocean_shortcode_after_header":"","ocean_has_shortcode":"","ocean_shortcode_after_title":"","ocean_shortcode_before_footer_widgets":"","ocean_shortcode_after_footer_widgets":"","ocean_shortcode_before_footer_bottom":"","ocean_shortcode_after_footer_bottom":"","ocean_display_top_bar":"default","ocean_display_header":"default","ocean_header_style":"","ocean_center_header_left_menu":"0","ocean_custom_header_template":"0","ocean_custom_logo":0,"ocean_custom_retina_logo":0,"ocean_custom_logo_max_width":0,"ocean_custom_logo_tablet_max_width":0,"ocean_custom_logo_mobile_max_width":0,"ocean_custom_logo_max_height":0,"ocean_custom_logo_tablet_max_height":0,"ocean_custom_logo_mobile_max_height":0,"ocean_header_custom_menu":"0","ocean_menu_typo_font_family":"0","ocean_menu_typo_font_subset":"","ocean_menu_typo_font_size":0,"ocean_menu_typo_font_size_tablet":0,"ocean_menu_typo_font_size_mobile":0,"ocean_menu_typo_font_size_unit":"px","ocean_menu_typo_font_weight":"","ocean_menu_typo_font_weight_tablet":"","ocean_menu_typo_font_weight_mobile":"","ocean_menu_typo_transform":"","ocean_menu_typo_transform_tablet":"","ocean_menu_typo_transform_mobile":"","ocean_menu_typo_line_height":0,"ocean_menu_typo_line_height_tablet":0,"ocean_menu_typo_line_height_mobile":0,"ocean_menu_typo_line_height_unit":"","ocean_menu_typo_spacing":0,"ocean_menu_typo_spacing_tablet":0,"ocean_menu_typo_spacing_mobile":0,"ocean_menu_typo_spacing_unit":"","ocean_menu_link_color":"","ocean_menu_link_color_hover":"","ocean_menu_link_color_active":"","ocean_menu_link_background":"","ocean_menu_link_hover_background":"","ocean_menu_link_active_background":"","ocean_menu_social_links_bg":"","ocean_menu_social_hover_links_bg":"","ocean_menu_social_links_color":"","ocean_menu_social_hover_links_color":"","ocean_disable_title":"default","ocean_disable_heading":"default","ocean_post_title":"","ocean_post_subheading":"","ocean_post_title_style":"","ocean_post_title_background_color":"","ocean_post_title_background":0,"ocean_post_title_bg_image_position":"","ocean_post_title_bg_image_attachment":"","ocean_post_title_bg_image_repeat":"","ocean_post_title_bg_image_size":"","ocean_post_title_height":0,"ocean_post_title_bg_overlay":0.5,"ocean_post_title_bg_overlay_color":"","ocean_disable_breadcrumbs":"default","ocean_breadcrumbs_color":"","ocean_breadcrumbs_separator_color":"","ocean_breadcrumbs_links_color":"","ocean_breadcrumbs_links_hover_color":"","ocean_display_footer_widgets":"default","ocean_display_footer_bottom":"default","ocean_custom_footer_template":"0","osh_disable_topbar_sticky":"default","osh_disable_header_sticky":"default","osh_sticky_header_style":"default","osh_sticky_header_effect":"","osh_custom_sticky_logo":0,"osh_custom_retina_sticky_logo":0,"osh_custom_sticky_logo_height":0,"osh_background_color":"","osh_links_color":"","osh_links_hover_color":"","osh_links_active_color":"","osh_links_bg_color":"","osh_links_hover_bg_color":"","osh_links_active_bg_color":"","osh_menu_social_links_color":"","osh_menu_social_hover_links_color":"","footnotes":""},"class_list":["post-5769","page","type-page","status-publish","hentry","entry"],"yoast_head":"<!-- This site is optimized with the Yoast SEO plugin v26.7 - https:\/\/yoast.com\/wordpress\/plugins\/seo\/ -->\n<title>Staatenbund - Valais Solidaire<\/title>\n<meta name=\"robots\" content=\"index, follow, max-snippet:-1, max-image-preview:large, max-video-preview:-1\" \/>\n<link rel=\"canonical\" href=\"https:\/\/valaissolidaire.ch\/de\/partnerschaften\/staatenbund\/\" \/>\n<meta property=\"og:locale\" content=\"de_DE\" \/>\n<meta property=\"og:type\" content=\"article\" \/>\n<meta property=\"og:title\" content=\"Staatenbund - Valais Solidaire\" \/>\n<meta property=\"og:description\" content=\"Staatenbund Direktion f\u00fcr Entwicklung und Zusammenarbeit Solidarisches Wallis erh\u00e4lt seit 2013 einen Programmbeitrag von der Direktion f\u00fcr Entwicklung und Zusammenarbeit (DEZA), dem f\u00fcr die internationale Zusammenarbeit zust\u00e4ndigen Organ des Eidgen\u00f6ssischen Departements f\u00fcr ausw\u00e4rtige Angelegenheiten (EDA).&nbsp; Mit diesem Beitrag, der sich auf 200&#8217;000 Franken pro Jahr bel\u00e4uft, werden zahlreiche Aktivit\u00e4ten von Solidarisches Wallis und eine betr\u00e4chtliche [&hellip;]\" \/>\n<meta property=\"og:url\" content=\"https:\/\/valaissolidaire.ch\/de\/partnerschaften\/staatenbund\/\" \/>\n<meta property=\"og:site_name\" content=\"Valais Solidaire\" \/>\n<meta property=\"article:modified_time\" content=\"2024-04-08T14:24:33+00:00\" \/>\n<meta property=\"og:image\" content=\"https:\/\/valaissolidaire.ch\/wp-content\/uploads\/2022\/10\/logo_ch_print-e1665745127454.jpg\" \/>\n<meta name=\"twitter:card\" content=\"summary_large_image\" \/>\n<script type=\"application\/ld+json\" class=\"yoast-schema-graph\">{\"@context\":\"https:\/\/schema.org\",\"@graph\":[{\"@type\":\"WebPage\",\"@id\":\"https:\/\/valaissolidaire.ch\/de\/partnerschaften\/staatenbund\/\",\"url\":\"https:\/\/valaissolidaire.ch\/de\/partnerschaften\/staatenbund\/\",\"name\":\"Staatenbund - Valais Solidaire\",\"isPartOf\":{\"@id\":\"https:\/\/valaissolidaire.ch\/de\/#website\"},\"primaryImageOfPage\":{\"@id\":\"https:\/\/valaissolidaire.ch\/de\/partnerschaften\/staatenbund\/#primaryimage\"},\"image\":{\"@id\":\"https:\/\/valaissolidaire.ch\/de\/partnerschaften\/staatenbund\/#primaryimage\"},\"thumbnailUrl\":\"https:\/\/valaissolidaire.ch\/wp-content\/uploads\/2022\/10\/logo_ch_print-e1665745127454.jpg\",\"datePublished\":\"2022-10-14T11:02:41+00:00\",\"dateModified\":\"2024-04-08T14:24:33+00:00\",\"breadcrumb\":{\"@id\":\"https:\/\/valaissolidaire.ch\/de\/partnerschaften\/staatenbund\/#breadcrumb\"},\"inLanguage\":\"de\",\"potentialAction\":[{\"@type\":\"ReadAction\",\"target\":[\"https:\/\/valaissolidaire.ch\/de\/partnerschaften\/staatenbund\/\"]}]},{\"@type\":\"ImageObject\",\"inLanguage\":\"de\",\"@id\":\"https:\/\/valaissolidaire.ch\/de\/partnerschaften\/staatenbund\/#primaryimage\",\"url\":\"https:\/\/valaissolidaire.ch\/wp-content\/uploads\/2022\/10\/logo_ch_print-e1665745127454.jpg\",\"contentUrl\":\"https:\/\/valaissolidaire.ch\/wp-content\/uploads\/2022\/10\/logo_ch_print-e1665745127454.jpg\"},{\"@type\":\"BreadcrumbList\",\"@id\":\"https:\/\/valaissolidaire.ch\/de\/partnerschaften\/staatenbund\/#breadcrumb\",\"itemListElement\":[{\"@type\":\"ListItem\",\"position\":1,\"name\":\"Accueil\",\"item\":\"https:\/\/valaissolidaire.ch\/de\/home\/\"},{\"@type\":\"ListItem\",\"position\":2,\"name\":\"Partnerschaften\",\"item\":\"https:\/\/valaissolidaire.ch\/de\/partnerschaften\/\"},{\"@type\":\"ListItem\",\"position\":3,\"name\":\"Staatenbund\"}]},{\"@type\":\"WebSite\",\"@id\":\"https:\/\/valaissolidaire.ch\/de\/#website\",\"url\":\"https:\/\/valaissolidaire.ch\/de\/\",\"name\":\"Valais Solidaire\",\"description\":\"\",\"publisher\":{\"@id\":\"https:\/\/valaissolidaire.ch\/de\/#organization\"},\"potentialAction\":[{\"@type\":\"SearchAction\",\"target\":{\"@type\":\"EntryPoint\",\"urlTemplate\":\"https:\/\/valaissolidaire.ch\/de\/?s={search_term_string}\"},\"query-input\":{\"@type\":\"PropertyValueSpecification\",\"valueRequired\":true,\"valueName\":\"search_term_string\"}}],\"inLanguage\":\"de\"},{\"@type\":\"Organization\",\"@id\":\"https:\/\/valaissolidaire.ch\/de\/#organization\",\"name\":\"Valais Solidaire\",\"url\":\"https:\/\/valaissolidaire.ch\/de\/\",\"logo\":{\"@type\":\"ImageObject\",\"inLanguage\":\"de\",\"@id\":\"https:\/\/valaissolidaire.ch\/de\/#\/schema\/logo\/image\/\",\"url\":\"https:\/\/valaissolidaire.ch\/wp-content\/uploads\/2022\/03\/Logo-2.png\",\"contentUrl\":\"https:\/\/valaissolidaire.ch\/wp-content\/uploads\/2022\/03\/Logo-2.png\",\"width\":2362,\"height\":817,\"caption\":\"Valais Solidaire\"},\"image\":{\"@id\":\"https:\/\/valaissolidaire.ch\/de\/#\/schema\/logo\/image\/\"}}]}<\/script>\n<!-- \/ Yoast SEO plugin. -->","yoast_head_json":{"title":"Staatenbund - Valais Solidaire","robots":{"index":"index","follow":"follow","max-snippet":"max-snippet:-1","max-image-preview":"max-image-preview:large","max-video-preview":"max-video-preview:-1"},"canonical":"https:\/\/valaissolidaire.ch\/de\/partnerschaften\/staatenbund\/","og_locale":"de_DE","og_type":"article","og_title":"Staatenbund - Valais Solidaire","og_description":"Staatenbund Direktion f\u00fcr Entwicklung und Zusammenarbeit Solidarisches Wallis erh\u00e4lt seit 2013 einen Programmbeitrag von der Direktion f\u00fcr Entwicklung und Zusammenarbeit (DEZA), dem f\u00fcr die internationale Zusammenarbeit zust\u00e4ndigen Organ des Eidgen\u00f6ssischen Departements f\u00fcr ausw\u00e4rtige Angelegenheiten (EDA).&nbsp; Mit diesem Beitrag, der sich auf 200&#8217;000 Franken pro Jahr bel\u00e4uft, werden zahlreiche Aktivit\u00e4ten von Solidarisches Wallis und eine betr\u00e4chtliche [&hellip;]","og_url":"https:\/\/valaissolidaire.ch\/de\/partnerschaften\/staatenbund\/","og_site_name":"Valais Solidaire","article_modified_time":"2024-04-08T14:24:33+00:00","og_image":[{"url":"https:\/\/valaissolidaire.ch\/wp-content\/uploads\/2022\/10\/logo_ch_print-e1665745127454.jpg","type":"","width":"","height":""}],"twitter_card":"summary_large_image","schema":{"@context":"https:\/\/schema.org","@graph":[{"@type":"WebPage","@id":"https:\/\/valaissolidaire.ch\/de\/partnerschaften\/staatenbund\/","url":"https:\/\/valaissolidaire.ch\/de\/partnerschaften\/staatenbund\/","name":"Staatenbund - Valais Solidaire","isPartOf":{"@id":"https:\/\/valaissolidaire.ch\/de\/#website"},"primaryImageOfPage":{"@id":"https:\/\/valaissolidaire.ch\/de\/partnerschaften\/staatenbund\/#primaryimage"},"image":{"@id":"https:\/\/valaissolidaire.ch\/de\/partnerschaften\/staatenbund\/#primaryimage"},"thumbnailUrl":"https:\/\/valaissolidaire.ch\/wp-content\/uploads\/2022\/10\/logo_ch_print-e1665745127454.jpg","datePublished":"2022-10-14T11:02:41+00:00","dateModified":"2024-04-08T14:24:33+00:00","breadcrumb":{"@id":"https:\/\/valaissolidaire.ch\/de\/partnerschaften\/staatenbund\/#breadcrumb"},"inLanguage":"de","potentialAction":[{"@type":"ReadAction","target":["https:\/\/valaissolidaire.ch\/de\/partnerschaften\/staatenbund\/"]}]},{"@type":"ImageObject","inLanguage":"de","@id":"https:\/\/valaissolidaire.ch\/de\/partnerschaften\/staatenbund\/#primaryimage","url":"https:\/\/valaissolidaire.ch\/wp-content\/uploads\/2022\/10\/logo_ch_print-e1665745127454.jpg","contentUrl":"https:\/\/valaissolidaire.ch\/wp-content\/uploads\/2022\/10\/logo_ch_print-e1665745127454.jpg"},{"@type":"BreadcrumbList","@id":"https:\/\/valaissolidaire.ch\/de\/partnerschaften\/staatenbund\/#breadcrumb","itemListElement":[{"@type":"ListItem","position":1,"name":"Accueil","item":"https:\/\/valaissolidaire.ch\/de\/home\/"},{"@type":"ListItem","position":2,"name":"Partnerschaften","item":"https:\/\/valaissolidaire.ch\/de\/partnerschaften\/"},{"@type":"ListItem","position":3,"name":"Staatenbund"}]},{"@type":"WebSite","@id":"https:\/\/valaissolidaire.ch\/de\/#website","url":"https:\/\/valaissolidaire.ch\/de\/","name":"Valais Solidaire","description":"","publisher":{"@id":"https:\/\/valaissolidaire.ch\/de\/#organization"},"potentialAction":[{"@type":"SearchAction","target":{"@type":"EntryPoint","urlTemplate":"https:\/\/valaissolidaire.ch\/de\/?s={search_term_string}"},"query-input":{"@type":"PropertyValueSpecification","valueRequired":true,"valueName":"search_term_string"}}],"inLanguage":"de"},{"@type":"Organization","@id":"https:\/\/valaissolidaire.ch\/de\/#organization","name":"Valais Solidaire","url":"https:\/\/valaissolidaire.ch\/de\/","logo":{"@type":"ImageObject","inLanguage":"de","@id":"https:\/\/valaissolidaire.ch\/de\/#\/schema\/logo\/image\/","url":"https:\/\/valaissolidaire.ch\/wp-content\/uploads\/2022\/03\/Logo-2.png","contentUrl":"https:\/\/valaissolidaire.ch\/wp-content\/uploads\/2022\/03\/Logo-2.png","width":2362,"height":817,"caption":"Valais Solidaire"},"image":{"@id":"https:\/\/valaissolidaire.ch\/de\/#\/schema\/logo\/image\/"}}]}},"_links":{"self":[{"href":"https:\/\/valaissolidaire.ch\/de\/wp-json\/wp\/v2\/pages\/5769","targetHints":{"allow":["GET"]}}],"collection":[{"href":"https:\/\/valaissolidaire.ch\/de\/wp-json\/wp\/v2\/pages"}],"about":[{"href":"https:\/\/valaissolidaire.ch\/de\/wp-json\/wp\/v2\/types\/page"}],"author":[{"embeddable":true,"href":"https:\/\/valaissolidaire.ch\/de\/wp-json\/wp\/v2\/users\/4"}],"replies":[{"embeddable":true,"href":"https:\/\/valaissolidaire.ch\/de\/wp-json\/wp\/v2\/comments?post=5769"}],"version-history":[{"count":3,"href":"https:\/\/valaissolidaire.ch\/de\/wp-json\/wp\/v2\/pages\/5769\/revisions"}],"predecessor-version":[{"id":5794,"href":"https:\/\/valaissolidaire.ch\/de\/wp-json\/wp\/v2\/pages\/5769\/revisions\/5794"}],"up":[{"embeddable":true,"href":"https:\/\/valaissolidaire.ch\/de\/wp-json\/wp\/v2\/pages\/5819"}],"wp:attachment":[{"href":"https:\/\/valaissolidaire.ch\/de\/wp-json\/wp\/v2\/media?parent=5769"}],"curies":[{"name":"wp","href":"https:\/\/api.w.org\/{rel}","templated":true}]}}