{"id":5765,"date":"2022-03-10T17:14:49","date_gmt":"2022-03-10T16:14:49","guid":{"rendered":"https:\/\/valaissolidaire.ch\/unsere-aktivitaeten\/unterstuetzung-der-mitgliedsorganisationen\/"},"modified":"2025-02-04T16:58:42","modified_gmt":"2025-02-04T15:58:42","slug":"unterstuetzung-der-mitgliedsorganisationen","status":"publish","type":"page","link":"https:\/\/valaissolidaire.ch\/de\/unsere-aktivitaeten\/unterstuetzung-der-mitgliedsorganisationen\/","title":{"rendered":"Unterst\u00fctzung der Mitgliedsorganisationen"},"content":{"rendered":"\t\t<div data-elementor-type=\"wp-page\" data-elementor-id=\"5765\" class=\"elementor elementor-5765 elementor-1253\" data-elementor-post-type=\"page\">\n\t\t\t\t\t\t<section class=\"elementor-section elementor-top-section elementor-element elementor-element-94529f2 elementor-section-stretched elementor-section-boxed elementor-section-height-default elementor-section-height-default\" data-id=\"94529f2\" data-element_type=\"section\" data-settings=\"{&quot;stretch_section&quot;:&quot;section-stretched&quot;,&quot;background_background&quot;:&quot;classic&quot;}\">\n\t\t\t\t\t\t\t<div class=\"elementor-background-overlay\"><\/div>\n\t\t\t\t\t\t\t<div class=\"elementor-container elementor-column-gap-default\">\n\t\t\t\t\t<div class=\"elementor-column elementor-col-100 elementor-top-column elementor-element elementor-element-d907356\" data-id=\"d907356\" data-element_type=\"column\">\n\t\t\t<div class=\"elementor-widget-wrap elementor-element-populated\">\n\t\t\t\t\t\t<div class=\"elementor-element elementor-element-0666d6e elementor-widget elementor-widget-spacer\" data-id=\"0666d6e\" data-element_type=\"widget\" data-widget_type=\"spacer.default\">\n\t\t\t\t<div class=\"elementor-widget-container\">\n\t\t\t\t\t\t\t<div class=\"elementor-spacer\">\n\t\t\t<div class=\"elementor-spacer-inner\"><\/div>\n\t\t<\/div>\n\t\t\t\t\t\t<\/div>\n\t\t\t\t<\/div>\n\t\t\t\t<div class=\"elementor-element elementor-element-d195382 elementor-widget elementor-widget-heading\" data-id=\"d195382\" data-element_type=\"widget\" data-widget_type=\"heading.default\">\n\t\t\t\t<div class=\"elementor-widget-container\">\n\t\t\t\t\t<h1 class=\"elementor-heading-title elementor-size-default\">Unterst\u00fctzung der Mitgliedsorganisationen<\/h1>\t\t\t\t<\/div>\n\t\t\t\t<\/div>\n\t\t\t\t<div class=\"elementor-element elementor-element-c978a77 elementor-widget elementor-widget-spacer\" data-id=\"c978a77\" data-element_type=\"widget\" data-widget_type=\"spacer.default\">\n\t\t\t\t<div class=\"elementor-widget-container\">\n\t\t\t\t\t\t\t<div class=\"elementor-spacer\">\n\t\t\t<div class=\"elementor-spacer-inner\"><\/div>\n\t\t<\/div>\n\t\t\t\t\t\t<\/div>\n\t\t\t\t<\/div>\n\t\t\t\t\t<\/div>\n\t\t<\/div>\n\t\t\t\t\t<\/div>\n\t\t<\/section>\n\t\t\t\t<section class=\"elementor-section elementor-top-section elementor-element elementor-element-dda4ad7 elementor-section-boxed elementor-section-height-default elementor-section-height-default\" data-id=\"dda4ad7\" data-element_type=\"section\">\n\t\t\t\t\t\t<div class=\"elementor-container elementor-column-gap-default\">\n\t\t\t\t\t<div class=\"elementor-column elementor-col-100 elementor-top-column elementor-element elementor-element-bec039f\" data-id=\"bec039f\" data-element_type=\"column\">\n\t\t\t<div class=\"elementor-widget-wrap elementor-element-populated\">\n\t\t\t\t\t\t<div class=\"elementor-element elementor-element-637e8ee elementor-widget elementor-widget-spacer\" data-id=\"637e8ee\" data-element_type=\"widget\" data-widget_type=\"spacer.default\">\n\t\t\t\t<div class=\"elementor-widget-container\">\n\t\t\t\t\t\t\t<div class=\"elementor-spacer\">\n\t\t\t<div class=\"elementor-spacer-inner\"><\/div>\n\t\t<\/div>\n\t\t\t\t\t\t<\/div>\n\t\t\t\t<\/div>\n\t\t\t\t<section class=\"elementor-section elementor-inner-section elementor-element elementor-element-369d481 elementor-section-boxed elementor-section-height-default elementor-section-height-default\" data-id=\"369d481\" data-element_type=\"section\">\n\t\t\t\t\t\t<div class=\"elementor-container elementor-column-gap-default\">\n\t\t\t\t\t<div class=\"elementor-column elementor-col-33 elementor-inner-column elementor-element elementor-element-26b7a01\" data-id=\"26b7a01\" data-element_type=\"column\">\n\t\t\t<div class=\"elementor-widget-wrap elementor-element-populated\">\n\t\t\t\t\t\t<div class=\"elementor-element elementor-element-aec0cad elementor-view-default elementor-widget elementor-widget-icon\" data-id=\"aec0cad\" data-element_type=\"widget\" data-widget_type=\"icon.default\">\n\t\t\t\t<div class=\"elementor-widget-container\">\n\t\t\t\t\t\t\t<div class=\"elementor-icon-wrapper\">\n\t\t\t<div class=\"elementor-icon\">\n\t\t\t<i aria-hidden=\"true\" class=\"fas fa-dollar-sign\"><\/i>\t\t\t<\/div>\n\t\t<\/div>\n\t\t\t\t\t\t<\/div>\n\t\t\t\t<\/div>\n\t\t\t\t<div class=\"elementor-element elementor-element-0705f5c elementor-widget elementor-widget-heading\" data-id=\"0705f5c\" data-element_type=\"widget\" data-widget_type=\"heading.default\">\n\t\t\t\t<div class=\"elementor-widget-container\">\n\t\t\t\t\t<h3 class=\"elementor-heading-title elementor-size-default\">Finanzielle Unterst\u00fctzung f\u00fcr die Projekte unserer Mitglieder.<\/h3>\t\t\t\t<\/div>\n\t\t\t\t<\/div>\n\t\t\t\t<div class=\"elementor-element elementor-element-b7630d7 elementor-widget elementor-widget-text-editor\" data-id=\"b7630d7\" data-element_type=\"widget\" data-widget_type=\"text-editor.default\">\n\t\t\t\t<div class=\"elementor-widget-container\">\n\t\t\t\t\t\t\t\t\t<p>Valais Solidaire unterst\u00fctzt qualitativ hochwertige Projekte, die von seinen Mitgliedsorganisationen eingereicht werden. Diese Projekte werden von der <a href=\"http:\/\/valaissolidaire.ch\/presentation\/organisation-et-fonctionnement#technique\"><u>Technischen Kommission<\/u><\/a> beurteilt, bevor sie vom <a href=\"http:\/\/valaissolidaire.ch\/presentation\/organisation-et-fonctionnement#comite\"><u>Vorstand<\/u> <u>von Solidarisches Wallis<\/u><\/a> genehmigt werden, der \u00fcber ihre Finanzierung entscheidet. Anschlie\u00dfend werden sie engmaschig \u00fcberwacht. Auf diese Weise kann der Verband eine optimale Verwendung der Mittel gew\u00e4hrleisten, die ihm von den \u00f6ffentlichen K\u00f6rperschaften zur Unterst\u00fctzung von Entwicklungsprojekten in den Partnerl\u00e4ndern Verf\u00fcgung gestellt werden.<\/p>\n\t\t\t\t\t\t\t\t<\/div>\n\t\t\t\t<\/div>\n\t\t\t\t\t<\/div>\n\t\t<\/div>\n\t\t\t\t<div class=\"elementor-column elementor-col-33 elementor-inner-column elementor-element elementor-element-7e4942c\" data-id=\"7e4942c\" data-element_type=\"column\">\n\t\t\t<div class=\"elementor-widget-wrap elementor-element-populated\">\n\t\t\t\t\t\t<div class=\"elementor-element elementor-element-0b18665 elementor-view-default elementor-widget elementor-widget-icon\" data-id=\"0b18665\" data-element_type=\"widget\" data-widget_type=\"icon.default\">\n\t\t\t\t<div class=\"elementor-widget-container\">\n\t\t\t\t\t\t\t<div class=\"elementor-icon-wrapper\">\n\t\t\t<div class=\"elementor-icon\">\n\t\t\t<i aria-hidden=\"true\" class=\"fas fa-store-alt\"><\/i>\t\t\t<\/div>\n\t\t<\/div>\n\t\t\t\t\t\t<\/div>\n\t\t\t\t<\/div>\n\t\t\t\t<div class=\"elementor-element elementor-element-161b54c elementor-widget elementor-widget-heading\" data-id=\"161b54c\" data-element_type=\"widget\" data-widget_type=\"heading.default\">\n\t\t\t\t<div class=\"elementor-widget-container\">\n\t\t\t\t\t<h3 class=\"elementor-heading-title elementor-size-default\">Coaching der Mitgliedsorganisationen<\/h3>\t\t\t\t<\/div>\n\t\t\t\t<\/div>\n\t\t\t\t<div class=\"elementor-element elementor-element-7cbd082 elementor-widget elementor-widget-text-editor\" data-id=\"7cbd082\" data-element_type=\"widget\" data-widget_type=\"text-editor.default\">\n\t\t\t\t<div class=\"elementor-widget-container\">\n\t\t\t\t\t\t\t\t\t<p>Die in der Welt der internationalen Zusammenarbeit geltenden Normen und die Verwendung \u00f6ffentlicher Gelder stellen hohe Anforderungen, die f\u00fcr kleine, auf freiwilliger Basis arbeitende Organisationen unerreichbar erscheinen k\u00f6nnen. F\u00fcr Solidarisches Wallis ist es von entscheidender Bedeutung, seine Mitglieder &#8211; auch die kleinsten &#8211; bei diesem Streben nach Qualit\u00e4t zu begleiten. Das Sekretariat von Solidarisches Wallis steht daher Organisationen, die dies w\u00fcnschen, zur Verf\u00fcgung, um sie zu bestimmten Themen wie der allgemeinen Buchhaltung, dem internen Kontrollsystem oder beispielsweise auch der Pr\u00e4vention von sexuellem Fehlverhalten zu coachen.<\/p>\n\t\t\t\t\t\t\t\t<\/div>\n\t\t\t\t<\/div>\n\t\t\t\t\t<\/div>\n\t\t<\/div>\n\t\t\t\t<div class=\"elementor-column elementor-col-33 elementor-inner-column elementor-element elementor-element-dae9b5c\" data-id=\"dae9b5c\" data-element_type=\"column\">\n\t\t\t<div class=\"elementor-widget-wrap elementor-element-populated\">\n\t\t\t\t\t\t<div class=\"elementor-element elementor-element-95ff91c elementor-view-default elementor-widget elementor-widget-icon\" data-id=\"95ff91c\" data-element_type=\"widget\" data-widget_type=\"icon.default\">\n\t\t\t\t<div class=\"elementor-widget-container\">\n\t\t\t\t\t\t\t<div class=\"elementor-icon-wrapper\">\n\t\t\t<div class=\"elementor-icon\">\n\t\t\t<i aria-hidden=\"true\" class=\"fas fa-comments\"><\/i>\t\t\t<\/div>\n\t\t<\/div>\n\t\t\t\t\t\t<\/div>\n\t\t\t\t<\/div>\n\t\t\t\t<div class=\"elementor-element elementor-element-6ab6e52 elementor-widget elementor-widget-heading\" data-id=\"6ab6e52\" data-element_type=\"widget\" data-widget_type=\"heading.default\">\n\t\t\t\t<div class=\"elementor-widget-container\">\n\t\t\t\t\t<h3 class=\"elementor-heading-title elementor-size-default\">Schulungen und Workshops zum Erfahrungsaustausch<\/h3>\t\t\t\t<\/div>\n\t\t\t\t<\/div>\n\t\t\t\t<div class=\"elementor-element elementor-element-16fc6b4 elementor-widget elementor-widget-text-editor\" data-id=\"16fc6b4\" data-element_type=\"widget\" data-widget_type=\"text-editor.default\">\n\t\t\t\t<div class=\"elementor-widget-container\">\n\t\t\t\t\t\t\t\t\t<p>Dar\u00fcber hinaus werden die Mitgliedsorganisationen nachdr\u00fccklich ermutigt, die beruflichen Entwicklungsm\u00f6glichkeiten von Isango, (<a href=\"https:\/\/isango-formation.org\/\">Isango-formation.org<\/a>)einer Plattform f\u00fcr die Weiterbildung, zu erkunden.<\/p>\t\t\t\t\t\t\t\t<\/div>\n\t\t\t\t<\/div>\n\t\t\t\t\t<\/div>\n\t\t<\/div>\n\t\t\t\t\t<\/div>\n\t\t<\/section>\n\t\t\t\t<div class=\"elementor-element elementor-element-10edda3 elementor-widget elementor-widget-spacer\" data-id=\"10edda3\" data-element_type=\"widget\" data-widget_type=\"spacer.default\">\n\t\t\t\t<div class=\"elementor-widget-container\">\n\t\t\t\t\t\t\t<div class=\"elementor-spacer\">\n\t\t\t<div class=\"elementor-spacer-inner\"><\/div>\n\t\t<\/div>\n\t\t\t\t\t\t<\/div>\n\t\t\t\t<\/div>\n\t\t\t\t\t<\/div>\n\t\t<\/div>\n\t\t\t\t\t<\/div>\n\t\t<\/section>\n\t\t\t\t<\/div>\n\t\t","protected":false},"excerpt":{"rendered":"<p>Unterst\u00fctzung der Mitgliedsorganisationen Finanzielle Unterst\u00fctzung f\u00fcr die Projekte unserer Mitglieder. Valais Solidaire unterst\u00fctzt qualitativ hochwertige Projekte, die von seinen Mitgliedsorganisationen eingereicht werden. Diese Projekte werden von der Technischen Kommission beurteilt, bevor sie vom Vorstand von Solidarisches Wallis genehmigt werden, der \u00fcber ihre Finanzierung entscheidet. Anschlie\u00dfend werden sie engmaschig \u00fcberwacht. Auf diese Weise kann der Verband [&hellip;]<\/p>\n","protected":false},"author":1,"featured_media":0,"parent":5763,"menu_order":1,"comment_status":"closed","ping_status":"closed","template":"","meta":{"ocean_post_layout":"","ocean_both_sidebars_style":"","ocean_both_sidebars_content_width":0,"ocean_both_sidebars_sidebars_width":0,"ocean_sidebar":"0","ocean_second_sidebar":"0","ocean_disable_margins":"on","ocean_add_body_class":"","ocean_shortcode_before_top_bar":"","ocean_shortcode_after_top_bar":"","ocean_shortcode_before_header":"","ocean_shortcode_after_header":"","ocean_has_shortcode":"","ocean_shortcode_after_title":"","ocean_shortcode_before_footer_widgets":"","ocean_shortcode_after_footer_widgets":"","ocean_shortcode_before_footer_bottom":"","ocean_shortcode_after_footer_bottom":"","ocean_display_top_bar":"default","ocean_display_header":"default","ocean_header_style":"","ocean_center_header_left_menu":"0","ocean_custom_header_template":"0","ocean_custom_logo":0,"ocean_custom_retina_logo":0,"ocean_custom_logo_max_width":0,"ocean_custom_logo_tablet_max_width":0,"ocean_custom_logo_mobile_max_width":0,"ocean_custom_logo_max_height":0,"ocean_custom_logo_tablet_max_height":0,"ocean_custom_logo_mobile_max_height":0,"ocean_header_custom_menu":"0","ocean_menu_typo_font_family":"0","ocean_menu_typo_font_subset":"","ocean_menu_typo_font_size":0,"ocean_menu_typo_font_size_tablet":0,"ocean_menu_typo_font_size_mobile":0,"ocean_menu_typo_font_size_unit":"px","ocean_menu_typo_font_weight":"","ocean_menu_typo_font_weight_tablet":"","ocean_menu_typo_font_weight_mobile":"","ocean_menu_typo_transform":"","ocean_menu_typo_transform_tablet":"","ocean_menu_typo_transform_mobile":"","ocean_menu_typo_line_height":0,"ocean_menu_typo_line_height_tablet":0,"ocean_menu_typo_line_height_mobile":0,"ocean_menu_typo_line_height_unit":"","ocean_menu_typo_spacing":0,"ocean_menu_typo_spacing_tablet":0,"ocean_menu_typo_spacing_mobile":0,"ocean_menu_typo_spacing_unit":"","ocean_menu_link_color":"","ocean_menu_link_color_hover":"","ocean_menu_link_color_active":"","ocean_menu_link_background":"","ocean_menu_link_hover_background":"","ocean_menu_link_active_background":"","ocean_menu_social_links_bg":"","ocean_menu_social_hover_links_bg":"","ocean_menu_social_links_color":"","ocean_menu_social_hover_links_color":"","ocean_disable_title":"default","ocean_disable_heading":"default","ocean_post_title":"","ocean_post_subheading":"","ocean_post_title_style":"","ocean_post_title_background_color":"","ocean_post_title_background":0,"ocean_post_title_bg_image_position":"","ocean_post_title_bg_image_attachment":"","ocean_post_title_bg_image_repeat":"","ocean_post_title_bg_image_size":"","ocean_post_title_height":0,"ocean_post_title_bg_overlay":0.5,"ocean_post_title_bg_overlay_color":"","ocean_disable_breadcrumbs":"default","ocean_breadcrumbs_color":"","ocean_breadcrumbs_separator_color":"","ocean_breadcrumbs_links_color":"","ocean_breadcrumbs_links_hover_color":"","ocean_display_footer_widgets":"default","ocean_display_footer_bottom":"default","ocean_custom_footer_template":"0","osh_disable_topbar_sticky":"default","osh_disable_header_sticky":"default","osh_sticky_header_style":"default","osh_sticky_header_effect":"","osh_custom_sticky_logo":0,"osh_custom_retina_sticky_logo":0,"osh_custom_sticky_logo_height":0,"osh_background_color":"","osh_links_color":"","osh_links_hover_color":"","osh_links_active_color":"","osh_links_bg_color":"","osh_links_hover_bg_color":"","osh_links_active_bg_color":"","osh_menu_social_links_color":"","osh_menu_social_hover_links_color":"","footnotes":""},"class_list":["post-5765","page","type-page","status-publish","hentry","entry"],"yoast_head":"<!-- This site is optimized with the Yoast SEO plugin v26.7 - https:\/\/yoast.com\/wordpress\/plugins\/seo\/ -->\n<title>Unterst\u00fctzung der Mitgliedsorganisationen - Valais Solidaire<\/title>\n<meta name=\"robots\" content=\"index, follow, max-snippet:-1, max-image-preview:large, max-video-preview:-1\" \/>\n<link rel=\"canonical\" href=\"https:\/\/valaissolidaire.ch\/de\/unsere-aktivitaeten\/unterstuetzung-der-mitgliedsorganisationen\/\" \/>\n<meta property=\"og:locale\" content=\"de_DE\" \/>\n<meta property=\"og:type\" content=\"article\" \/>\n<meta property=\"og:title\" content=\"Unterst\u00fctzung der Mitgliedsorganisationen - Valais Solidaire\" \/>\n<meta property=\"og:description\" content=\"Unterst\u00fctzung der Mitgliedsorganisationen Finanzielle Unterst\u00fctzung f\u00fcr die Projekte unserer Mitglieder. Valais Solidaire unterst\u00fctzt qualitativ hochwertige Projekte, die von seinen Mitgliedsorganisationen eingereicht werden. Diese Projekte werden von der Technischen Kommission beurteilt, bevor sie vom Vorstand von Solidarisches Wallis genehmigt werden, der \u00fcber ihre Finanzierung entscheidet. Anschlie\u00dfend werden sie engmaschig \u00fcberwacht. Auf diese Weise kann der Verband [&hellip;]\" \/>\n<meta property=\"og:url\" content=\"https:\/\/valaissolidaire.ch\/de\/unsere-aktivitaeten\/unterstuetzung-der-mitgliedsorganisationen\/\" \/>\n<meta property=\"og:site_name\" content=\"Valais Solidaire\" \/>\n<meta property=\"article:modified_time\" content=\"2025-02-04T15:58:42+00:00\" \/>\n<meta name=\"twitter:card\" content=\"summary_large_image\" \/>\n<meta name=\"twitter:label1\" content=\"Gesch\u00e4tzte Lesezeit\" \/>\n\t<meta name=\"twitter:data1\" content=\"2\u00a0Minuten\" \/>\n<script type=\"application\/ld+json\" class=\"yoast-schema-graph\">{\"@context\":\"https:\/\/schema.org\",\"@graph\":[{\"@type\":\"WebPage\",\"@id\":\"https:\/\/valaissolidaire.ch\/de\/unsere-aktivitaeten\/unterstuetzung-der-mitgliedsorganisationen\/\",\"url\":\"https:\/\/valaissolidaire.ch\/de\/unsere-aktivitaeten\/unterstuetzung-der-mitgliedsorganisationen\/\",\"name\":\"Unterst\u00fctzung der Mitgliedsorganisationen - Valais Solidaire\",\"isPartOf\":{\"@id\":\"https:\/\/valaissolidaire.ch\/de\/#website\"},\"datePublished\":\"2022-03-10T16:14:49+00:00\",\"dateModified\":\"2025-02-04T15:58:42+00:00\",\"breadcrumb\":{\"@id\":\"https:\/\/valaissolidaire.ch\/de\/unsere-aktivitaeten\/unterstuetzung-der-mitgliedsorganisationen\/#breadcrumb\"},\"inLanguage\":\"de\",\"potentialAction\":[{\"@type\":\"ReadAction\",\"target\":[\"https:\/\/valaissolidaire.ch\/de\/unsere-aktivitaeten\/unterstuetzung-der-mitgliedsorganisationen\/\"]}]},{\"@type\":\"BreadcrumbList\",\"@id\":\"https:\/\/valaissolidaire.ch\/de\/unsere-aktivitaeten\/unterstuetzung-der-mitgliedsorganisationen\/#breadcrumb\",\"itemListElement\":[{\"@type\":\"ListItem\",\"position\":1,\"name\":\"Accueil\",\"item\":\"https:\/\/valaissolidaire.ch\/de\/home\/\"},{\"@type\":\"ListItem\",\"position\":2,\"name\":\"Unsere Aktivit\u00e4ten\",\"item\":\"https:\/\/valaissolidaire.ch\/de\/unsere-aktivitaeten\/\"},{\"@type\":\"ListItem\",\"position\":3,\"name\":\"Unterst\u00fctzung der Mitgliedsorganisationen\"}]},{\"@type\":\"WebSite\",\"@id\":\"https:\/\/valaissolidaire.ch\/de\/#website\",\"url\":\"https:\/\/valaissolidaire.ch\/de\/\",\"name\":\"Valais Solidaire\",\"description\":\"\",\"publisher\":{\"@id\":\"https:\/\/valaissolidaire.ch\/de\/#organization\"},\"potentialAction\":[{\"@type\":\"SearchAction\",\"target\":{\"@type\":\"EntryPoint\",\"urlTemplate\":\"https:\/\/valaissolidaire.ch\/de\/?s={search_term_string}\"},\"query-input\":{\"@type\":\"PropertyValueSpecification\",\"valueRequired\":true,\"valueName\":\"search_term_string\"}}],\"inLanguage\":\"de\"},{\"@type\":\"Organization\",\"@id\":\"https:\/\/valaissolidaire.ch\/de\/#organization\",\"name\":\"Valais Solidaire\",\"url\":\"https:\/\/valaissolidaire.ch\/de\/\",\"logo\":{\"@type\":\"ImageObject\",\"inLanguage\":\"de\",\"@id\":\"https:\/\/valaissolidaire.ch\/de\/#\/schema\/logo\/image\/\",\"url\":\"https:\/\/valaissolidaire.ch\/wp-content\/uploads\/2022\/03\/Logo-2.png\",\"contentUrl\":\"https:\/\/valaissolidaire.ch\/wp-content\/uploads\/2022\/03\/Logo-2.png\",\"width\":2362,\"height\":817,\"caption\":\"Valais Solidaire\"},\"image\":{\"@id\":\"https:\/\/valaissolidaire.ch\/de\/#\/schema\/logo\/image\/\"}}]}<\/script>\n<!-- \/ Yoast SEO plugin. -->","yoast_head_json":{"title":"Unterst\u00fctzung der Mitgliedsorganisationen - Valais Solidaire","robots":{"index":"index","follow":"follow","max-snippet":"max-snippet:-1","max-image-preview":"max-image-preview:large","max-video-preview":"max-video-preview:-1"},"canonical":"https:\/\/valaissolidaire.ch\/de\/unsere-aktivitaeten\/unterstuetzung-der-mitgliedsorganisationen\/","og_locale":"de_DE","og_type":"article","og_title":"Unterst\u00fctzung der Mitgliedsorganisationen - Valais Solidaire","og_description":"Unterst\u00fctzung der Mitgliedsorganisationen Finanzielle Unterst\u00fctzung f\u00fcr die Projekte unserer Mitglieder. Valais Solidaire unterst\u00fctzt qualitativ hochwertige Projekte, die von seinen Mitgliedsorganisationen eingereicht werden. Diese Projekte werden von der Technischen Kommission beurteilt, bevor sie vom Vorstand von Solidarisches Wallis genehmigt werden, der \u00fcber ihre Finanzierung entscheidet. Anschlie\u00dfend werden sie engmaschig \u00fcberwacht. Auf diese Weise kann der Verband [&hellip;]","og_url":"https:\/\/valaissolidaire.ch\/de\/unsere-aktivitaeten\/unterstuetzung-der-mitgliedsorganisationen\/","og_site_name":"Valais Solidaire","article_modified_time":"2025-02-04T15:58:42+00:00","twitter_card":"summary_large_image","twitter_misc":{"Gesch\u00e4tzte Lesezeit":"2\u00a0Minuten"},"schema":{"@context":"https:\/\/schema.org","@graph":[{"@type":"WebPage","@id":"https:\/\/valaissolidaire.ch\/de\/unsere-aktivitaeten\/unterstuetzung-der-mitgliedsorganisationen\/","url":"https:\/\/valaissolidaire.ch\/de\/unsere-aktivitaeten\/unterstuetzung-der-mitgliedsorganisationen\/","name":"Unterst\u00fctzung der Mitgliedsorganisationen - Valais Solidaire","isPartOf":{"@id":"https:\/\/valaissolidaire.ch\/de\/#website"},"datePublished":"2022-03-10T16:14:49+00:00","dateModified":"2025-02-04T15:58:42+00:00","breadcrumb":{"@id":"https:\/\/valaissolidaire.ch\/de\/unsere-aktivitaeten\/unterstuetzung-der-mitgliedsorganisationen\/#breadcrumb"},"inLanguage":"de","potentialAction":[{"@type":"ReadAction","target":["https:\/\/valaissolidaire.ch\/de\/unsere-aktivitaeten\/unterstuetzung-der-mitgliedsorganisationen\/"]}]},{"@type":"BreadcrumbList","@id":"https:\/\/valaissolidaire.ch\/de\/unsere-aktivitaeten\/unterstuetzung-der-mitgliedsorganisationen\/#breadcrumb","itemListElement":[{"@type":"ListItem","position":1,"name":"Accueil","item":"https:\/\/valaissolidaire.ch\/de\/home\/"},{"@type":"ListItem","position":2,"name":"Unsere Aktivit\u00e4ten","item":"https:\/\/valaissolidaire.ch\/de\/unsere-aktivitaeten\/"},{"@type":"ListItem","position":3,"name":"Unterst\u00fctzung der Mitgliedsorganisationen"}]},{"@type":"WebSite","@id":"https:\/\/valaissolidaire.ch\/de\/#website","url":"https:\/\/valaissolidaire.ch\/de\/","name":"Valais Solidaire","description":"","publisher":{"@id":"https:\/\/valaissolidaire.ch\/de\/#organization"},"potentialAction":[{"@type":"SearchAction","target":{"@type":"EntryPoint","urlTemplate":"https:\/\/valaissolidaire.ch\/de\/?s={search_term_string}"},"query-input":{"@type":"PropertyValueSpecification","valueRequired":true,"valueName":"search_term_string"}}],"inLanguage":"de"},{"@type":"Organization","@id":"https:\/\/valaissolidaire.ch\/de\/#organization","name":"Valais Solidaire","url":"https:\/\/valaissolidaire.ch\/de\/","logo":{"@type":"ImageObject","inLanguage":"de","@id":"https:\/\/valaissolidaire.ch\/de\/#\/schema\/logo\/image\/","url":"https:\/\/valaissolidaire.ch\/wp-content\/uploads\/2022\/03\/Logo-2.png","contentUrl":"https:\/\/valaissolidaire.ch\/wp-content\/uploads\/2022\/03\/Logo-2.png","width":2362,"height":817,"caption":"Valais Solidaire"},"image":{"@id":"https:\/\/valaissolidaire.ch\/de\/#\/schema\/logo\/image\/"}}]}},"_links":{"self":[{"href":"https:\/\/valaissolidaire.ch\/de\/wp-json\/wp\/v2\/pages\/5765","targetHints":{"allow":["GET"]}}],"collection":[{"href":"https:\/\/valaissolidaire.ch\/de\/wp-json\/wp\/v2\/pages"}],"about":[{"href":"https:\/\/valaissolidaire.ch\/de\/wp-json\/wp\/v2\/types\/page"}],"author":[{"embeddable":true,"href":"https:\/\/valaissolidaire.ch\/de\/wp-json\/wp\/v2\/users\/1"}],"replies":[{"embeddable":true,"href":"https:\/\/valaissolidaire.ch\/de\/wp-json\/wp\/v2\/comments?post=5765"}],"version-history":[{"count":9,"href":"https:\/\/valaissolidaire.ch\/de\/wp-json\/wp\/v2\/pages\/5765\/revisions"}],"predecessor-version":[{"id":7050,"href":"https:\/\/valaissolidaire.ch\/de\/wp-json\/wp\/v2\/pages\/5765\/revisions\/7050"}],"up":[{"embeddable":true,"href":"https:\/\/valaissolidaire.ch\/de\/wp-json\/wp\/v2\/pages\/5763"}],"wp:attachment":[{"href":"https:\/\/valaissolidaire.ch\/de\/wp-json\/wp\/v2\/media?parent=5765"}],"curies":[{"name":"wp","href":"https:\/\/api.w.org\/{rel}","templated":true}]}}